{"id":733,"date":"2023-04-26T18:29:23","date_gmt":"2023-04-26T18:29:23","guid":{"rendered":"https:\/\/mamaqtambolodge.com\/mamaq2023\/?page_id=733"},"modified":"2023-05-24T11:49:11","modified_gmt":"2023-05-24T16:49:11","slug":"contactanos","status":"publish","type":"page","link":"https:\/\/mamaqtambolodge.com\/?page_id=733","title":{"rendered":"Contactanos"},"content":{"rendered":"\n<div class=\"wp-block-cover alignfull\" style=\"min-height:50px;aspect-ratio:unset;\"><span aria-hidden=\"true\" class=\"wp-block-cover__background has-nv-site-bg-background-color has-background-dim-100 has-background-dim\"><\/span><div class=\"wp-block-cover__inner-container is-layout-flow wp-block-cover-is-layout-flow\">\n<p class=\"has-text-align-center has-large-font-size\"><\/p>\n<\/div><\/div>\n\n\n\n<div class=\"wp-block-cover alignfull\" style=\"min-height:600px;aspect-ratio:unset;\"><span aria-hidden=\"true\" class=\"wp-block-cover__background has-nv-light-bg-background-color has-background-dim\"><\/span><img loading=\"lazy\" decoding=\"async\" width=\"2453\" height=\"1637\" class=\"wp-block-cover__image-background wp-image-355\" alt=\"\" src=\"https:\/\/mamaqtambolodge.com\/wp-content\/uploads\/2023\/04\/vista_casa_principal.jpg\" style=\"object-position:57% 100%\" data-object-fit=\"cover\" data-object-position=\"57% 100%\" srcset=\"https:\/\/mamaqtambolodge.com\/wp-content\/uploads\/2023\/04\/vista_casa_principal.jpg 2453w, https:\/\/mamaqtambolodge.com\/wp-content\/uploads\/2023\/04\/vista_casa_principal-300x200.jpg 300w, https:\/\/mamaqtambolodge.com\/wp-content\/uploads\/2023\/04\/vista_casa_principal-1024x683.jpg 1024w, https:\/\/mamaqtambolodge.com\/wp-content\/uploads\/2023\/04\/vista_casa_principal-768x513.jpg 768w, https:\/\/mamaqtambolodge.com\/wp-content\/uploads\/2023\/04\/vista_casa_principal-1536x1025.jpg 1536w, https:\/\/mamaqtambolodge.com\/wp-content\/uploads\/2023\/04\/vista_casa_principal-2048x1367.jpg 2048w, https:\/\/mamaqtambolodge.com\/wp-content\/uploads\/2023\/04\/vista_casa_principal-930x620.jpg 930w\" sizes=\"auto, (max-width: 2453px) 100vw, 2453px\" \/><div class=\"wp-block-cover__inner-container is-layout-flow wp-block-cover-is-layout-flow\">\n<div class=\"wp-block-group\"><div class=\"wp-block-group__inner-container is-layout-flow wp-block-group-is-layout-flow\">\n<h1 class=\"wp-block-heading has-text-align-left\">RESERVA EN MAMAQ<\/h1>\n\n\n\n<div style=\"height:40px\" aria-hidden=\"true\" class=\"wp-block-spacer\"><\/div>\n\n\n\n<h4 class=\"wp-block-heading has-nv-text-dark-bg-color has-text-color\">CONTACTA NUESTRO STAFF<\/h4>\n\n\n\n<p class=\"has-neve-text-color-color has-nv-site-bg-background-color has-text-color has-background\">Nuestros servicios est\u00e1n pensado para hacer su estad\u00eda lo mas relajante y acogedor posibles, por esto nos ocupamos de planificar sus d\u00edas sea visitando nuestro recursos naturales que arqueol\u00f3gicos. Sin olvidar la cocina y los deliciosos platos a base de los productos a km0 de nuestro restaurante.<\/p>\n<\/div><\/div>\n<\/div><\/div>\n\n\n\n<div class=\"wp-block-cover alignfull\" style=\"min-height:600px;aspect-ratio:unset;\"><span aria-hidden=\"true\" class=\"wp-block-cover__background has-nv-light-bg-background-color has-background-dim-100 has-background-dim\"><\/span><div class=\"wp-block-cover__inner-container is-layout-flow wp-block-cover-is-layout-flow\">\n<div class=\"wp-block-group\"><div class=\"wp-block-group__inner-container is-layout-flow wp-block-group-is-layout-flow\">\n<div style=\"height:15px\" aria-hidden=\"true\" class=\"wp-block-spacer\"><\/div>\n\n\n\n<div id=\"wp-block-themeisle-blocks-form-d9685c7a\" class=\"wp-block-themeisle-blocks-form\" data-option-name=\"bf9b28ff82ce323187abc5d0feb0d8f07ecd8436_d9685c7a\"><form class=\"otter-form__container\">\n<div id=\"wp-block-themeisle-blocks-form-input-89dcb61b\" class=\"wp-block-themeisle-blocks-form-input\"><label for=\"wp-block-themeisle-blocks-form-input-89dcb61b-input\" class=\"otter-form-input-label\"><span class=\"otter-form-input-label__label\">Nombres y Apellidos<\/span><span class=\"required\">*<\/span><\/label><input type=\"text\" id=\"wp-block-themeisle-blocks-form-input-89dcb61b-input\" required class=\"otter-form-input\"\/><\/div>\n\n\n\n<div id=\"wp-block-themeisle-blocks-form-input-4b8c057c\" class=\"wp-block-themeisle-blocks-form-input\"><label for=\"wp-block-themeisle-blocks-form-input-4b8c057c-input\" class=\"otter-form-input-label\"><span class=\"otter-form-input-label__label\">Fecha Llegada<\/span><span class=\"required\">*<\/span><\/label><input type=\"date\" id=\"wp-block-themeisle-blocks-form-input-4b8c057c-input\" required class=\"otter-form-input\"\/><\/div>\n\n\n\n<div id=\"wp-block-themeisle-blocks-form-input-3d694530\" class=\"wp-block-themeisle-blocks-form-input\"><label for=\"wp-block-themeisle-blocks-form-input-3d694530-input\" class=\"otter-form-input-label\"><span class=\"otter-form-input-label__label\">Fecha Salida<\/span><span class=\"required\">*<\/span><\/label><input type=\"date\" id=\"wp-block-themeisle-blocks-form-input-3d694530-input\" required class=\"otter-form-input\"\/><\/div>\n\n\n\n<div id=\"wp-block-themeisle-blocks-form-input-2833a3f7\" class=\"wp-block-themeisle-blocks-form-input\"><label for=\"wp-block-themeisle-blocks-form-input-2833a3f7-input\" class=\"otter-form-input-label\"><span class=\"otter-form-input-label__label\">N\u00ba Personas<\/span><span class=\"required\">*<\/span><\/label><input type=\"number\" id=\"wp-block-themeisle-blocks-form-input-2833a3f7-input\" required class=\"otter-form-input\"\/><\/div>\n\n\n\n<div id=\"wp-block-themeisle-blocks-form-input-23e30366\" class=\"wp-block-themeisle-blocks-form-input\"><label for=\"wp-block-themeisle-blocks-form-input-23e30366-input\" class=\"otter-form-input-label\"><span class=\"otter-form-input-label__label\">Email<\/span><span class=\"required\">*<\/span><\/label><input type=\"email\" id=\"wp-block-themeisle-blocks-form-input-23e30366-input\" required class=\"otter-form-input\"\/><\/div>\n\n\n\n<div id=\"wp-block-themeisle-blocks-form-input-87361aad\" class=\"wp-block-themeisle-blocks-form-input\"><label for=\"wp-block-themeisle-blocks-form-input-87361aad-input\" class=\"otter-form-input-label\"><span class=\"otter-form-input-label__label\">Celular<\/span><span class=\"required\">*<\/span><\/label><input type=\"number\" id=\"wp-block-themeisle-blocks-form-input-87361aad-input\" required class=\"otter-form-input\"\/><\/div>\n\n\n<div class=\"protection\" aria-hidden=\"true\"><input type=\"hidden\" id=\"wp-block-themeisle-blocks-form-d9685c7a_nonce_field\" name=\"wp-block-themeisle-blocks-form-d9685c7a_nonce_field\" value=\"7f83675eff\" \/><input type=\"hidden\" name=\"_wp_http_referer\" value=\"\/index.php?rest_route=%2Fwp%2Fv2%2Fpages%2F733\" \/><input class=\"o-anti-bot\" type=\"checkbox\"><\/div>\n\n\n<div id=\"wp-block-themeisle-blocks-form-textarea-bde37953\" class=\"wp-block-themeisle-blocks-form-textarea\"><label for=\"wp-block-themeisle-blocks-form-textarea-bde37953-input\" class=\"otter-form-textarea-label\"><span class=\"otter-form-textarea-label__label\">Mensaje<\/span><\/label><textarea id=\"wp-block-themeisle-blocks-form-textarea-bde37953-input\" rows=\"10\" class=\"otter-form-textarea-input\"><\/textarea><\/div>\n\n\n\n<p class=\"has-neve-text-color-color has-text-color has-extra-small-font-size\">Usted acepta recibir nuestras comunicaciones por correo electr\u00f3nico al enviar este formulario y comprende que su informaci\u00f3n de contacto se almacenar\u00e1 con nosotros.<\/p>\n<div class=\"wp-block-button\"><button class=\"wp-block-button__link\" type=\"submit\">Enviar<\/button><\/div><\/form><\/div>\n\n\n\n<div style=\"height:40px\" aria-hidden=\"true\" class=\"wp-block-spacer\"><\/div>\n<\/div><\/div>\n<\/div><\/div>\n","protected":false},"excerpt":{"rendered":"","protected":false},"author":1,"featured_media":0,"parent":0,"menu_order":0,"comment_status":"closed","ping_status":"closed","template":"","meta":{"neve_meta_sidebar":"default","neve_meta_container":"default","neve_meta_enable_content_width":"on","neve_meta_content_width":100,"neve_meta_title_alignment":"","neve_meta_author_avatar":"","neve_post_elements_order":"","neve_meta_disable_header":"","neve_meta_disable_footer":"","neve_meta_disable_title":"on","_themeisle_gutenberg_block_has_review":false,"_joinchat":[],"footnotes":""},"class_list":["post-733","page","type-page","status-publish","hentry"],"_links":{"self":[{"href":"https:\/\/mamaqtambolodge.com\/index.php?rest_route=\/wp\/v2\/pages\/733","targetHints":{"allow":["GET"]}}],"collection":[{"href":"https:\/\/mamaqtambolodge.com\/index.php?rest_route=\/wp\/v2\/pages"}],"about":[{"href":"https:\/\/mamaqtambolodge.com\/index.php?rest_route=\/wp\/v2\/types\/page"}],"author":[{"embeddable":true,"href":"https:\/\/mamaqtambolodge.com\/index.php?rest_route=\/wp\/v2\/users\/1"}],"replies":[{"embeddable":true,"href":"https:\/\/mamaqtambolodge.com\/index.php?rest_route=%2Fwp%2Fv2%2Fcomments&post=733"}],"version-history":[{"count":0,"href":"https:\/\/mamaqtambolodge.com\/index.php?rest_route=\/wp\/v2\/pages\/733\/revisions"}],"wp:attachment":[{"href":"https:\/\/mamaqtambolodge.com\/index.php?rest_route=%2Fwp%2Fv2%2Fmedia&parent=733"}],"curies":[{"name":"wp","href":"https:\/\/api.w.org\/{rel}","templated":true}]}}