{"id":721,"date":"2023-04-26T17:51:10","date_gmt":"2023-04-26T17:51:10","guid":{"rendered":"https:\/\/mamaqtambolodge.com\/mamaq2023\/?page_id=721"},"modified":"2023-11-15T21:20:41","modified_gmt":"2023-11-16T02:20:41","slug":"zonas-comunes","status":"publish","type":"page","link":"https:\/\/mamaqtambolodge.com\/?page_id=721","title":{"rendered":"Zonas Comunes"},"content":{"rendered":"\n<div class=\"wp-block-cover alignfull\" style=\"min-height:50px;aspect-ratio:unset;\"><span aria-hidden=\"true\" class=\"wp-block-cover__background has-nv-site-bg-background-color has-background-dim-100 has-background-dim\"><\/span><div class=\"wp-block-cover__inner-container is-layout-flow wp-block-cover-is-layout-flow\">\n<p class=\"has-text-align-center has-large-font-size\"><\/p>\n<\/div><\/div>\n\n\n\n<div class=\"wp-block-cover alignfull\" style=\"min-height:600px;aspect-ratio:unset;\"><span aria-hidden=\"true\" class=\"wp-block-cover__background has-nv-light-bg-background-color has-background-dim\"><\/span><img loading=\"lazy\" decoding=\"async\" width=\"2048\" height=\"1365\" class=\"wp-block-cover__image-background wp-image-1053\" alt=\"\" src=\"https:\/\/mamaqtambolodge.com\/wp-content\/uploads\/2023\/05\/MAMAQ-TAMBO-100-de-143.jpeg\" style=\"object-position:53% 81%\" data-object-fit=\"cover\" data-object-position=\"53% 81%\" srcset=\"https:\/\/mamaqtambolodge.com\/wp-content\/uploads\/2023\/05\/MAMAQ-TAMBO-100-de-143.jpeg 2048w, https:\/\/mamaqtambolodge.com\/wp-content\/uploads\/2023\/05\/MAMAQ-TAMBO-100-de-143-300x200.jpeg 300w, https:\/\/mamaqtambolodge.com\/wp-content\/uploads\/2023\/05\/MAMAQ-TAMBO-100-de-143-1024x683.jpeg 1024w, https:\/\/mamaqtambolodge.com\/wp-content\/uploads\/2023\/05\/MAMAQ-TAMBO-100-de-143-768x512.jpeg 768w, https:\/\/mamaqtambolodge.com\/wp-content\/uploads\/2023\/05\/MAMAQ-TAMBO-100-de-143-1536x1024.jpeg 1536w, https:\/\/mamaqtambolodge.com\/wp-content\/uploads\/2023\/05\/MAMAQ-TAMBO-100-de-143-930x620.jpeg 930w\" sizes=\"auto, (max-width: 2048px) 100vw, 2048px\" \/><div class=\"wp-block-cover__inner-container is-layout-flow wp-block-cover-is-layout-flow\">\n<div class=\"wp-block-group\"><div class=\"wp-block-group__inner-container is-layout-flow wp-block-group-is-layout-flow\">\n<h1 class=\"wp-block-heading has-text-align-left\">ZONAS COMUNES<\/h1>\n\n\n\n<div style=\"height:40px\" aria-hidden=\"true\" class=\"wp-block-spacer\"><\/div>\n\n\n\n<h4 class=\"wp-block-heading has-nv-site-bg-color has-text-color\">ESPACIOS <strong>MAMAQ<\/strong><\/h4>\n\n\n\n<p class=\"has-neve-text-color-color has-nv-site-bg-background-color has-text-color has-background\">En Mamaq Tambo Lodge, cada espacio ha sido dise\u00f1ado con amor y dedicaci\u00f3n para brindarte un lugar de descanso y relajaci\u00f3n en medio de la naturaleza. En el edificio principal, la zona de fogata te invita a compartir momentos inolvidables en pareja, mientras que las hamacas y el sof\u00e1 te permiten desconectar del mundo y contemplar la belleza que te rodea. El comedor es el lugar perfecto para deleitarte con la gastronom\u00eda local.<br>En el jard\u00edn, la piscina natural te refresca mientras disfrutas de la majestuosidad de las monta\u00f1as y las cascadas. Y en la parte m\u00e1s alta del terreno, el sauna te espera para que puedas relajarte despu\u00e9s de un d\u00eda de aventuras y disfrutar de la vista panor\u00e1mica. \u00a1Te esperamos para que sientas la armon\u00eda entre naturaleza, confort y amor!<\/p>\n<\/div><\/div>\n<\/div><\/div>\n\n\n\n<div class=\"wp-block-cover alignfull\" style=\"min-height:600px;aspect-ratio:unset;\"><span aria-hidden=\"true\" class=\"wp-block-cover__background has-nv-site-bg-background-color has-background-dim-100 has-background-dim\"><\/span><div class=\"wp-block-cover__inner-container is-layout-flow wp-block-cover-is-layout-flow\">\n<div style=\"height:15px\" aria-hidden=\"true\" class=\"wp-block-spacer\"><\/div>\n\n\n\n<p class=\"has-neve-text-color-color has-text-color\"><strong>EDIFICIO PRINCIPAL<\/strong><\/p>\n\n\n\n<hr class=\"wp-block-separator has-text-color has-nv-dark-bg-color has-alpha-channel-opacity has-nv-dark-bg-background-color has-background\"\/>\n\n\n\n<div id=\"wp-block-themeisle-blocks-advanced-columns-9000bf4e\" class=\"wp-block-themeisle-blocks-advanced-columns has-2-columns has-desktop-equal-layout has-tablet-equal-layout has-mobile-collapsedRows-layout has-vertical-unset\"><div class=\"wp-block-themeisle-blocks-advanced-columns-overlay\"><\/div><div class=\"innerblocks-wrap\">\n<div id=\"wp-block-themeisle-blocks-advanced-column-6a4a6082\" class=\"wp-block-themeisle-blocks-advanced-column\">\n<p class=\"has-text-align-right has-neve-text-color-color has-text-color\">El edificio principal, rodeado por jardines alberga sal\u00f3n, comedor y bar en una estructura abierta hacia el valle del Utcubamba.<br>Construido con materiales naturales como adobe, madera, m\u00e1rmol travertino y ca\u00f1a brava brinda un ambiente c\u00e1lido para nuestros hu\u00e9spedes.<\/p>\n<\/div>\n\n\n\n<div id=\"wp-block-themeisle-blocks-advanced-column-e8c642f1\" class=\"wp-block-themeisle-blocks-advanced-column\"><div class=\"wp-block-image\">\n<figure class=\"aligncenter size-large is-resized\" id=\"wp-block-themeisle-blocks-image-9a21872b\"><img decoding=\"async\" src=\"https:\/\/mamaqtambolodge.com\/wp-content\/uploads\/2023\/04\/zonacomun_mamaq.png\" alt=\"\" style=\"width:450px;height:450px\"\/><\/figure>\n<\/div><\/div>\n<\/div><\/div>\n\n\n\n<div style=\"height:15px\" aria-hidden=\"true\" class=\"wp-block-spacer\"><\/div>\n<\/div><\/div>\n\n\n\n<div class=\"wp-block-cover alignfull\" style=\"min-height:600px;aspect-ratio:unset;\"><span aria-hidden=\"true\" class=\"wp-block-cover__background has-nv-light-bg-background-color has-background-dim-100 has-background-dim\"><\/span><div class=\"wp-block-cover__inner-container is-layout-flow wp-block-cover-is-layout-flow\">\n<div style=\"height:15px\" aria-hidden=\"true\" class=\"wp-block-spacer\"><\/div>\n\n\n\n<p class=\"has-text-align-right has-neve-text-color-color has-text-color\"><strong>ZONA DE DESCANSO<\/strong><\/p>\n\n\n\n<hr class=\"wp-block-separator has-alpha-channel-opacity\"\/>\n\n\n\n<div id=\"wp-block-themeisle-blocks-advanced-columns-d3297ad3\" class=\"wp-block-themeisle-blocks-advanced-columns has-2-columns has-desktop-equal-layout has-tablet-equal-layout has-mobile-collapsedRows-layout has-vertical-unset\"><div class=\"wp-block-themeisle-blocks-advanced-columns-overlay\"><\/div><div class=\"innerblocks-wrap\">\n<div id=\"wp-block-themeisle-blocks-advanced-column-98730780\" class=\"wp-block-themeisle-blocks-advanced-column\"><div class=\"wp-block-image\">\n<figure class=\"aligncenter size-large is-resized\" id=\"wp-block-themeisle-blocks-image-386ead4e\"><img decoding=\"async\" src=\"https:\/\/mamaqtambolodge.com\/wp-content\/uploads\/2023\/04\/descanso_mamaq.png\" alt=\"\" style=\"width:450px;height:450px\"\/><\/figure>\n<\/div><\/div>\n\n\n\n<div id=\"wp-block-themeisle-blocks-advanced-column-dc142b13\" class=\"wp-block-themeisle-blocks-advanced-column\">\n<p class=\"has-neve-text-color-color has-text-color\">El sal\u00f3n, zona de descanso, contemplaci\u00f3n y lectura cuenta con una hoguera esculpida en una roca natural preexistente . <br>Cons\u00faltenos sobre nuestras veladas de \u201cLeyendas Locales\u201d a cargo de un \u201cabuelo\u201d del pueblo.<\/p>\n<\/div>\n<\/div><\/div>\n\n\n\n<div style=\"height:15px\" aria-hidden=\"true\" class=\"wp-block-spacer\"><\/div>\n<\/div><\/div>\n\n\n\n<div class=\"wp-block-cover alignfull\" style=\"min-height:600px;aspect-ratio:unset;\"><span aria-hidden=\"true\" class=\"wp-block-cover__background has-nv-site-bg-background-color has-background-dim\"><\/span><img loading=\"lazy\" decoding=\"async\" width=\"2048\" height=\"1366\" class=\"wp-block-cover__image-background wp-image-1667\" alt=\"\" src=\"https:\/\/mamaqtambolodge.com\/wp-content\/uploads\/2023\/11\/MAMAQ-TAMBO-139-de-143.jpeg\" data-object-fit=\"cover\" srcset=\"https:\/\/mamaqtambolodge.com\/wp-content\/uploads\/2023\/11\/MAMAQ-TAMBO-139-de-143.jpeg 2048w, https:\/\/mamaqtambolodge.com\/wp-content\/uploads\/2023\/11\/MAMAQ-TAMBO-139-de-143-300x200.jpeg 300w, https:\/\/mamaqtambolodge.com\/wp-content\/uploads\/2023\/11\/MAMAQ-TAMBO-139-de-143-1024x683.jpeg 1024w, https:\/\/mamaqtambolodge.com\/wp-content\/uploads\/2023\/11\/MAMAQ-TAMBO-139-de-143-768x512.jpeg 768w, https:\/\/mamaqtambolodge.com\/wp-content\/uploads\/2023\/11\/MAMAQ-TAMBO-139-de-143-1536x1025.jpeg 1536w, https:\/\/mamaqtambolodge.com\/wp-content\/uploads\/2023\/11\/MAMAQ-TAMBO-139-de-143-930x620.jpeg 930w\" sizes=\"auto, (max-width: 2048px) 100vw, 2048px\" \/><div class=\"wp-block-cover__inner-container is-layout-flow wp-block-cover-is-layout-flow\">\n<div style=\"height:15px\" aria-hidden=\"true\" class=\"wp-block-spacer\"><\/div>\n\n\n\n<p class=\"has-neve-text-color-color has-text-color\"><strong>COMEDOR<\/strong><\/p>\n\n\n\n<hr class=\"wp-block-separator has-text-color has-nv-dark-bg-color has-alpha-channel-opacity has-nv-dark-bg-background-color has-background\"\/>\n\n\n\n<div id=\"wp-block-themeisle-blocks-advanced-columns-6c69f38d\" class=\"wp-block-themeisle-blocks-advanced-columns has-2-columns has-desktop-equal-layout has-tablet-equal-layout has-mobile-collapsedRows-layout has-vertical-unset\"><div class=\"wp-block-themeisle-blocks-advanced-columns-overlay\"><\/div><div class=\"innerblocks-wrap\">\n<div id=\"wp-block-themeisle-blocks-advanced-column-e39a6083\" class=\"wp-block-themeisle-blocks-advanced-column\">\n<p class=\"has-text-align-right has-neve-text-color-color has-text-color\">El comedor es amplio pero se compone de solo tres mesas garantizando as\u00ed privacidad y distanciamiento entre los comensales.<br>En la ma\u00f1ana y en la tarde se pueden apreciar la vista del valle y de los diferentes jardines, orqu\u00eddeas y otras flores que son visitadas regularmente por colibr\u00ed de varias especies.<\/p>\n<\/div>\n\n\n\n<div id=\"wp-block-themeisle-blocks-advanced-column-bb837806\" class=\"wp-block-themeisle-blocks-advanced-column\"><div class=\"wp-block-image\">\n<figure class=\"aligncenter size-full is-resized\" id=\"wp-block-themeisle-blocks-image-6aa8dd73\"><img loading=\"lazy\" decoding=\"async\" width=\"450\" height=\"450\" src=\"https:\/\/mamaqtambolodge.com\/wp-content\/uploads\/2023\/11\/comedor.jpeg\" alt=\"\" class=\"wp-image-1669\" style=\"width:450px;height:450px\" srcset=\"https:\/\/mamaqtambolodge.com\/wp-content\/uploads\/2023\/11\/comedor.jpeg 450w, https:\/\/mamaqtambolodge.com\/wp-content\/uploads\/2023\/11\/comedor-300x300.jpeg 300w, https:\/\/mamaqtambolodge.com\/wp-content\/uploads\/2023\/11\/comedor-150x150.jpeg 150w\" sizes=\"auto, (max-width: 450px) 100vw, 450px\" \/><\/figure>\n<\/div><\/div>\n<\/div><\/div>\n\n\n\n<div style=\"height:15px\" aria-hidden=\"true\" class=\"wp-block-spacer\"><\/div>\n<\/div><\/div>\n\n\n\n<div class=\"wp-block-cover alignfull\" style=\"min-height:600px;aspect-ratio:unset;\"><span aria-hidden=\"true\" class=\"wp-block-cover__background has-nv-light-bg-background-color has-background-dim-100 has-background-dim\"><\/span><div class=\"wp-block-cover__inner-container is-layout-flow wp-block-cover-is-layout-flow\">\n<div style=\"height:15px\" aria-hidden=\"true\" class=\"wp-block-spacer\"><\/div>\n\n\n\n<p class=\"has-text-align-right has-neve-text-color-color has-text-color\"><strong>LA BARRA<\/strong><\/p>\n\n\n\n<hr class=\"wp-block-separator has-alpha-channel-opacity\"\/>\n\n\n\n<div id=\"wp-block-themeisle-blocks-advanced-columns-2c54431d\" class=\"wp-block-themeisle-blocks-advanced-columns has-2-columns has-desktop-equal-layout has-tablet-equal-layout has-mobile-collapsedRows-layout has-vertical-unset\"><div class=\"wp-block-themeisle-blocks-advanced-columns-overlay\"><\/div><div class=\"innerblocks-wrap\">\n<div id=\"wp-block-themeisle-blocks-advanced-column-c268ce0a\" class=\"wp-block-themeisle-blocks-advanced-column\"><div class=\"wp-block-image is-style-default\">\n<figure class=\"aligncenter size-large is-resized\" id=\"wp-block-themeisle-blocks-image-38490df0\"><img decoding=\"async\" src=\"https:\/\/mamaqtambolodge.com\/wp-content\/uploads\/2023\/04\/barra_mamaq.png\" alt=\"\" style=\"width:450px;height:450px\"\/><\/figure>\n<\/div><\/div>\n\n\n\n<div id=\"wp-block-themeisle-blocks-advanced-column-1b16ad91\" class=\"wp-block-themeisle-blocks-advanced-column\">\n<p class=\"has-neve-text-color-color has-text-color\">El bar, una barra de madera ishpingo (aut\u00f3ctona de la zona) y ca\u00f1a brava ofrece diferentes long drinks hechos con licores nacionales (pisco y macerados) e internacionales.<br>Se ubica junto a una terraza con hamaca y vistas panor\u00e1micas.<\/p>\n<\/div>\n<\/div><\/div>\n\n\n\n<div style=\"height:15px\" aria-hidden=\"true\" class=\"wp-block-spacer\"><\/div>\n<\/div><\/div>\n\n\n\n<div class=\"wp-block-cover alignfull\" style=\"min-height:600px;aspect-ratio:unset;\"><span aria-hidden=\"true\" class=\"wp-block-cover__background has-nv-site-bg-background-color has-background-dim\"><\/span><img loading=\"lazy\" decoding=\"async\" width=\"2048\" height=\"1366\" class=\"wp-block-cover__image-background wp-image-1031\" alt=\"Sauna Medicinal Mamaq Tambo Lodge\" src=\"https:\/\/mamaqtambolodge.com\/wp-content\/uploads\/2023\/05\/MAMAQ-TAMBO-48-de-143.jpeg\" data-object-fit=\"cover\" srcset=\"https:\/\/mamaqtambolodge.com\/wp-content\/uploads\/2023\/05\/MAMAQ-TAMBO-48-de-143.jpeg 2048w, https:\/\/mamaqtambolodge.com\/wp-content\/uploads\/2023\/05\/MAMAQ-TAMBO-48-de-143-300x200.jpeg 300w, https:\/\/mamaqtambolodge.com\/wp-content\/uploads\/2023\/05\/MAMAQ-TAMBO-48-de-143-1024x683.jpeg 1024w, https:\/\/mamaqtambolodge.com\/wp-content\/uploads\/2023\/05\/MAMAQ-TAMBO-48-de-143-768x512.jpeg 768w, https:\/\/mamaqtambolodge.com\/wp-content\/uploads\/2023\/05\/MAMAQ-TAMBO-48-de-143-1536x1025.jpeg 1536w, https:\/\/mamaqtambolodge.com\/wp-content\/uploads\/2023\/05\/MAMAQ-TAMBO-48-de-143-930x620.jpeg 930w\" sizes=\"auto, (max-width: 2048px) 100vw, 2048px\" \/><div class=\"wp-block-cover__inner-container is-layout-flow wp-block-cover-is-layout-flow\">\n<div style=\"height:15px\" aria-hidden=\"true\" class=\"wp-block-spacer\"><\/div>\n\n\n\n<p class=\"has-neve-text-color-color has-text-color\"><strong>EL SAUNA<\/strong><\/p>\n\n\n\n<hr class=\"wp-block-separator has-text-color has-nv-dark-bg-color has-alpha-channel-opacity has-nv-dark-bg-background-color has-background\"\/>\n\n\n\n<div id=\"wp-block-themeisle-blocks-advanced-columns-394c44c4\" class=\"wp-block-themeisle-blocks-advanced-columns has-2-columns has-desktop-equal-layout has-tablet-equal-layout has-mobile-collapsedRows-layout has-vertical-unset\"><div class=\"wp-block-themeisle-blocks-advanced-columns-overlay\"><\/div><div class=\"innerblocks-wrap\">\n<div id=\"wp-block-themeisle-blocks-advanced-column-01863a17\" class=\"wp-block-themeisle-blocks-advanced-column\">\n<p class=\"has-text-align-right has-neve-text-color-color has-text-color\">El sauna seco se encuentra en la zona alta del Lodge, con una vista encantadora al valle y al atardecer. <br>Su ubicaci\u00f3n y arquitectura en adobe y vidrio permiten apreciar todos los alrededores de nuestro valle y la catarata de Gocta. <br>El servicio consta de la c\u00e1mara caliente con hierbas arom\u00e1ticas de nuestra huerta mezclada para que su experiencia sea al mismo tiempo inolvidable y saludable.<\/p>\n<\/div>\n\n\n\n<div id=\"wp-block-themeisle-blocks-advanced-column-496543dc\" class=\"wp-block-themeisle-blocks-advanced-column\"><div class=\"wp-block-image\">\n<figure class=\"aligncenter size-full is-resized\" id=\"wp-block-themeisle-blocks-image-529156c7\"><img loading=\"lazy\" decoding=\"async\" width=\"450\" height=\"450\" src=\"https:\/\/mamaqtambolodge.com\/wp-content\/uploads\/2023\/11\/mamaq-sauna.jpeg\" alt=\"\" class=\"wp-image-1662\" style=\"width:450px;height:450px\" srcset=\"https:\/\/mamaqtambolodge.com\/wp-content\/uploads\/2023\/11\/mamaq-sauna.jpeg 450w, https:\/\/mamaqtambolodge.com\/wp-content\/uploads\/2023\/11\/mamaq-sauna-300x300.jpeg 300w, https:\/\/mamaqtambolodge.com\/wp-content\/uploads\/2023\/11\/mamaq-sauna-150x150.jpeg 150w\" sizes=\"auto, (max-width: 450px) 100vw, 450px\" \/><\/figure>\n<\/div><\/div>\n<\/div><\/div>\n\n\n\n<div style=\"height:15px\" aria-hidden=\"true\" class=\"wp-block-spacer\"><\/div>\n<\/div><\/div>\n\n\n\n<div class=\"wp-block-cover alignfull\" style=\"min-height:600px;aspect-ratio:unset;\"><span aria-hidden=\"true\" class=\"wp-block-cover__background has-nv-light-bg-background-color has-background-dim-100 has-background-dim\"><\/span><div class=\"wp-block-cover__inner-container is-layout-flow wp-block-cover-is-layout-flow\">\n<div style=\"height:15px\" aria-hidden=\"true\" class=\"wp-block-spacer\"><\/div>\n\n\n\n<p class=\"has-text-align-right has-neve-text-color-color has-text-color\"><strong>LA PISCINA<\/strong><\/p>\n\n\n\n<hr class=\"wp-block-separator has-alpha-channel-opacity\"\/>\n\n\n\n<div id=\"wp-block-themeisle-blocks-advanced-columns-ceba22a0\" class=\"wp-block-themeisle-blocks-advanced-columns has-2-columns has-desktop-equal-layout has-tablet-equal-layout has-mobile-collapsedRows-layout has-vertical-unset\"><div class=\"wp-block-themeisle-blocks-advanced-columns-overlay\"><\/div><div class=\"innerblocks-wrap\">\n<div id=\"wp-block-themeisle-blocks-advanced-column-ce30a765\" class=\"wp-block-themeisle-blocks-advanced-column\"><div class=\"wp-block-image\">\n<figure class=\"aligncenter size-large is-resized\" id=\"wp-block-themeisle-blocks-image-14c1c8be\"><img decoding=\"async\" src=\"https:\/\/mamaqtambolodge.com\/wp-content\/uploads\/2023\/04\/piscina_mamaq.png\" alt=\"\" style=\"width:450px;height:450px\"\/><\/figure>\n<\/div><\/div>\n\n\n\n<div id=\"wp-block-themeisle-blocks-advanced-column-afeca086\" class=\"wp-block-themeisle-blocks-advanced-column\">\n<p class=\"has-neve-text-color-color has-text-color\">Una piscina natural con agua del mismo riachuelo \u201cChallo\u201d que corre en el terreno, un agua dulce y medicinal que dejar\u00e1 la piel regenerada.<br>La temperatura del agua es de 15 grados y en un d\u00eda de sol es perfecta para contrastar el calor.<\/p>\n<\/div>\n<\/div><\/div>\n\n\n\n<div style=\"height:15px\" aria-hidden=\"true\" class=\"wp-block-spacer\"><\/div>\n<\/div><\/div>\n","protected":false},"excerpt":{"rendered":"","protected":false},"author":1,"featured_media":0,"parent":0,"menu_order":0,"comment_status":"closed","ping_status":"closed","template":"","meta":{"neve_meta_sidebar":"full-width","neve_meta_container":"","neve_meta_enable_content_width":"on","neve_meta_content_width":100,"neve_meta_title_alignment":"","neve_meta_author_avatar":"","neve_post_elements_order":"","neve_meta_disable_header":"","neve_meta_disable_footer":"","neve_meta_disable_title":"on","_themeisle_gutenberg_block_has_review":false,"_joinchat":[],"footnotes":""},"class_list":["post-721","page","type-page","status-publish","hentry"],"_links":{"self":[{"href":"https:\/\/mamaqtambolodge.com\/index.php?rest_route=\/wp\/v2\/pages\/721","targetHints":{"allow":["GET"]}}],"collection":[{"href":"https:\/\/mamaqtambolodge.com\/index.php?rest_route=\/wp\/v2\/pages"}],"about":[{"href":"https:\/\/mamaqtambolodge.com\/index.php?rest_route=\/wp\/v2\/types\/page"}],"author":[{"embeddable":true,"href":"https:\/\/mamaqtambolodge.com\/index.php?rest_route=\/wp\/v2\/users\/1"}],"replies":[{"embeddable":true,"href":"https:\/\/mamaqtambolodge.com\/index.php?rest_route=%2Fwp%2Fv2%2Fcomments&post=721"}],"version-history":[{"count":8,"href":"https:\/\/mamaqtambolodge.com\/index.php?rest_route=\/wp\/v2\/pages\/721\/revisions"}],"predecessor-version":[{"id":1670,"href":"https:\/\/mamaqtambolodge.com\/index.php?rest_route=\/wp\/v2\/pages\/721\/revisions\/1670"}],"wp:attachment":[{"href":"https:\/\/mamaqtambolodge.com\/index.php?rest_route=%2Fwp%2Fv2%2Fmedia&parent=721"}],"curies":[{"name":"wp","href":"https:\/\/api.w.org\/{rel}","templated":true}]}}