{"id":691,"date":"2023-04-26T16:27:42","date_gmt":"2023-04-26T16:27:42","guid":{"rendered":"https:\/\/mamaqtambolodge.com\/mamaq2023\/?page_id=691"},"modified":"2025-11-05T14:21:51","modified_gmt":"2025-11-05T19:21:51","slug":"servicios-mamaq","status":"publish","type":"page","link":"https:\/\/mamaqtambolodge.com\/?page_id=691","title":{"rendered":"Servicios Mamaq"},"content":{"rendered":"\n<div class=\"wp-block-cover alignfull\" style=\"min-height:50px;aspect-ratio:unset;\"><span aria-hidden=\"true\" class=\"wp-block-cover__background has-nv-site-bg-background-color has-background-dim-100 has-background-dim\"><\/span><div class=\"wp-block-cover__inner-container is-layout-flow wp-block-cover-is-layout-flow\">\n<p class=\"has-text-align-center has-large-font-size\"><\/p>\n<\/div><\/div>\n\n\n\n<div class=\"wp-block-cover alignfull\" style=\"min-height:600px;aspect-ratio:unset;\"><img loading=\"lazy\" decoding=\"async\" width=\"2453\" height=\"1637\" class=\"wp-block-cover__image-background wp-image-355\" alt=\"\" src=\"https:\/\/mamaqtambolodge.com\/wp-content\/uploads\/2023\/04\/vista_casa_principal.jpg\" style=\"object-position:57% 100%\" data-object-fit=\"cover\" data-object-position=\"57% 100%\" srcset=\"https:\/\/mamaqtambolodge.com\/wp-content\/uploads\/2023\/04\/vista_casa_principal.jpg 2453w, https:\/\/mamaqtambolodge.com\/wp-content\/uploads\/2023\/04\/vista_casa_principal-300x200.jpg 300w, https:\/\/mamaqtambolodge.com\/wp-content\/uploads\/2023\/04\/vista_casa_principal-1024x683.jpg 1024w, https:\/\/mamaqtambolodge.com\/wp-content\/uploads\/2023\/04\/vista_casa_principal-768x513.jpg 768w, https:\/\/mamaqtambolodge.com\/wp-content\/uploads\/2023\/04\/vista_casa_principal-1536x1025.jpg 1536w, https:\/\/mamaqtambolodge.com\/wp-content\/uploads\/2023\/04\/vista_casa_principal-2048x1367.jpg 2048w, https:\/\/mamaqtambolodge.com\/wp-content\/uploads\/2023\/04\/vista_casa_principal-930x620.jpg 930w\" sizes=\"auto, (max-width: 2453px) 100vw, 2453px\" \/><span aria-hidden=\"true\" class=\"wp-block-cover__background has-nv-light-bg-background-color has-background-dim\"><\/span><div class=\"wp-block-cover__inner-container is-layout-flow wp-block-cover-is-layout-flow\">\n<div class=\"wp-block-group\"><div class=\"wp-block-group__inner-container is-layout-flow wp-block-group-is-layout-flow\">\n<h1 class=\"wp-block-heading has-text-align-left\">SERVICIOS EN MAMAQ<\/h1>\n\n\n\n<div style=\"height:40px\" aria-hidden=\"true\" class=\"wp-block-spacer\"><\/div>\n\n\n\n<h4 class=\"wp-block-heading has-nv-text-dark-bg-color has-text-color\"><strong>NUESTROS SERVICIOS PERSONALIZADOS<\/strong><\/h4>\n\n\n\n<p class=\"has-neve-text-color-color has-nv-site-bg-background-color has-text-color has-background\">Nuestros servicios est\u00e1n pensado para hacer su estad\u00eda lo mas relajante y acogedor posibles, por esto nos ocupamos de planificar sus d\u00edas sea visitando nuestro recursos naturales que arqueol\u00f3gicos. Sin olvidar la cocina y los deliciosos platos a base de los productos a km0 de nuestro restaurante.<\/p>\n<\/div><\/div>\n<\/div><\/div>\n\n\n\n<div class=\"wp-block-cover alignfull\" style=\"min-height:600px;aspect-ratio:unset;\"><span aria-hidden=\"true\" class=\"wp-block-cover__background has-nv-site-bg-background-color has-background-dim-100 has-background-dim\"><\/span><div class=\"wp-block-cover__inner-container is-layout-flow wp-block-cover-is-layout-flow\">\n<div style=\"height:15px\" aria-hidden=\"true\" class=\"wp-block-spacer\"><\/div>\n\n\n\n<p class=\"has-neve-text-color-color has-text-color\"><strong>RESTAURANTE<\/strong><\/p>\n\n\n\n<hr class=\"wp-block-separator has-text-color has-nv-dark-bg-color has-alpha-channel-opacity has-nv-dark-bg-background-color has-background\"\/>\n\n\n\n<div id=\"wp-block-themeisle-blocks-advanced-columns-9000bf4e\" class=\"wp-block-themeisle-blocks-advanced-columns has-2-columns has-desktop-equal-layout has-tablet-equal-layout has-mobile-collapsedRows-layout has-vertical-unset\"><div class=\"wp-block-themeisle-blocks-advanced-columns-overlay\"><\/div><div class=\"innerblocks-wrap\">\n<div id=\"wp-block-themeisle-blocks-advanced-column-6a4a6082\" class=\"wp-block-themeisle-blocks-advanced-column\">\n<p class=\"has-text-align-right has-neve-text-color-color has-nv-site-bg-background-color has-text-color has-background\"><strong>Frutas y vegetales<\/strong> provienen de nuestra <a href=\"https:\/\/mamaqtambolodge.com\/?page_id=716\" data-type=\"page\" data-id=\"716\">huerta<\/a> o de huertas org\u00e1nicas del valle, <strong>nuestra carnes<\/strong> de productores locales certificados, <strong>panader\u00eda y reposter\u00eda<\/strong> de nuestro horno<\/p>\n\n\n\n<ul class=\"wp-block-list has-neve-text-color-color has-text-color\">\n<li><strong>Desayuno de 07:00 a 10:00 <\/strong>\u2013 En caso de que necesite desayunar antes, consulte con la recepci\u00f3n.<\/li>\n\n\n\n<li><strong>Cena<\/strong> <strong>de 18:30 a 20:00<\/strong> \u2013 Costo \u00fanico de S.\/ 60 por persona e incluye tres tiempos : Entrada \u2013 Plato Principal \u2013 Postre<\/li>\n\n\n\n<li><strong>Bar Cafeter\u00eda de 07:00 a 19:00 <\/strong>\u2013 Caf\u00e9 e infusiones del huerto incluidos, otras bebidas y postres a la venta<\/li>\n<\/ul>\n<\/div>\n\n\n\n<div id=\"wp-block-themeisle-blocks-advanced-column-e8c642f1\" class=\"wp-block-themeisle-blocks-advanced-column\"><div class=\"wp-block-image\">\n<figure class=\"aligncenter size-large is-resized\"><img decoding=\"async\" src=\"https:\/\/mamaqtambolodge.com\/wp-content\/uploads\/2023\/04\/restaurante_mamaq.png\" alt=\"\" style=\"width:450px;height:450px\"\/><\/figure>\n<\/div><\/div>\n<\/div><\/div>\n\n\n\n<div style=\"height:15px\" aria-hidden=\"true\" class=\"wp-block-spacer\"><\/div>\n<\/div><\/div>\n\n\n\n<div class=\"wp-block-cover alignfull\" style=\"min-height:600px;aspect-ratio:unset;\"><span aria-hidden=\"true\" class=\"wp-block-cover__background has-nv-light-bg-background-color has-background-dim-100 has-background-dim\"><\/span><div class=\"wp-block-cover__inner-container is-layout-flow wp-block-cover-is-layout-flow\">\n<div style=\"height:15px\" aria-hidden=\"true\" class=\"wp-block-spacer\"><\/div>\n\n\n\n<p class=\"has-text-align-right has-neve-text-color-color has-text-color\"><strong>SAUNA Y\/O MASAJES RELAJANTES<\/strong><\/p>\n\n\n\n<hr class=\"wp-block-separator has-alpha-channel-opacity\"\/>\n\n\n\n<div id=\"wp-block-themeisle-blocks-advanced-columns-d3297ad3\" class=\"wp-block-themeisle-blocks-advanced-columns has-2-columns has-desktop-equal-layout has-tablet-equal-layout has-mobile-collapsedRows-layout has-vertical-unset\"><div class=\"wp-block-themeisle-blocks-advanced-columns-overlay\"><\/div><div class=\"innerblocks-wrap\">\n<div id=\"wp-block-themeisle-blocks-advanced-column-dc142b13\" class=\"wp-block-themeisle-blocks-advanced-column\"><div class=\"wp-block-image\">\n<figure class=\"aligncenter size-large is-resized\"><img decoding=\"async\" src=\"https:\/\/mamaqtambolodge.com\/wp-content\/uploads\/2023\/04\/sauna1.png\" alt=\"\" style=\"width:450px;height:450px\"\/><\/figure>\n<\/div><\/div>\n\n\n\n<div id=\"wp-block-themeisle-blocks-advanced-column-98730780\" class=\"wp-block-themeisle-blocks-advanced-column\">\n<p class=\"has-neve-text-color-color has-text-color\">El servicio consta de la c\u00e1mara caliente con hierbas arom\u00e1ticas de nuestra huerta mezclada para que su experiencia sea al mismo tiempo inolvidable y saludable.<br>El masaje relajante tiene duraci\u00f3n de una hora y es perfecto despu\u00e9s un d\u00eda de caminata o el servicio de sauna.<\/p>\n<\/div>\n<\/div><\/div>\n\n\n\n<div style=\"height:15px\" aria-hidden=\"true\" class=\"wp-block-spacer\"><\/div>\n<\/div><\/div>\n\n\n\n<div class=\"wp-block-cover alignfull\" style=\"min-height:600px;aspect-ratio:unset;\"><span aria-hidden=\"true\" class=\"wp-block-cover__background has-nv-site-bg-background-color has-background-dim-100 has-background-dim\"><\/span><div class=\"wp-block-cover__inner-container is-layout-flow wp-block-cover-is-layout-flow\">\n<div style=\"height:15px\" aria-hidden=\"true\" class=\"wp-block-spacer\"><\/div>\n\n\n\n<p class=\"has-neve-text-color-color has-text-color\"><strong>TRASLADOS<\/strong><\/p>\n\n\n\n<hr class=\"wp-block-separator has-text-color has-nv-dark-bg-color has-alpha-channel-opacity has-nv-dark-bg-background-color has-background\"\/>\n\n\n\n<div id=\"wp-block-themeisle-blocks-advanced-columns-6c69f38d\" class=\"wp-block-themeisle-blocks-advanced-columns has-2-columns has-desktop-equal-layout has-tablet-equal-layout has-mobile-collapsedRows-layout has-vertical-unset\"><div class=\"wp-block-themeisle-blocks-advanced-columns-overlay\"><\/div><div class=\"innerblocks-wrap\">\n<div id=\"wp-block-themeisle-blocks-advanced-column-e39a6083\" class=\"wp-block-themeisle-blocks-advanced-column\">\n<p class=\"has-text-align-right has-neve-text-color-color has-text-color\">\u00bfComo llegar a Gocta? Por su ubicaci\u00f3n, Mamaq Tambo Lodge es el lugar perfecto para aprovechar al m\u00e1ximo de la catarata de Gocta y de todo el encanto del Valle del Uctubamba.<\/p>\n\n\n\n<div class=\"wp-block-buttons is-content-justification-center is-layout-flex wp-container-core-buttons-is-layout-16018d1d wp-block-buttons-is-layout-flex\">\n<div class=\"wp-block-button is-style-secondary\"><a class=\"wp-block-button__link wp-element-button\" href=\"https:\/\/mamaqtambolodge.com\/?page_id=694\" style=\"border-radius:5px\">MAS INFO<\/a><\/div>\n<\/div>\n<\/div>\n\n\n\n<div id=\"wp-block-themeisle-blocks-advanced-column-bb837806\" class=\"wp-block-themeisle-blocks-advanced-column\"><div class=\"wp-block-image\">\n<figure class=\"aligncenter size-large is-resized\"><img decoding=\"async\" src=\"https:\/\/mamaqtambolodge.com\/wp-content\/uploads\/2023\/04\/servicios_mamaq_tambo_red-1.jpg\" alt=\"\" style=\"width:450px;height:450px\"\/><\/figure>\n<\/div><\/div>\n<\/div><\/div>\n\n\n\n<div style=\"height:15px\" aria-hidden=\"true\" class=\"wp-block-spacer\"><\/div>\n<\/div><\/div>\n\n\n\n<div class=\"wp-block-cover alignfull\" style=\"min-height:600px;aspect-ratio:unset;\"><span aria-hidden=\"true\" class=\"wp-block-cover__background has-nv-light-bg-background-color has-background-dim-100 has-background-dim\"><\/span><div class=\"wp-block-cover__inner-container is-layout-flow wp-block-cover-is-layout-flow\">\n<div style=\"height:15px\" aria-hidden=\"true\" class=\"wp-block-spacer\"><\/div>\n\n\n\n<p class=\"has-text-align-right has-neve-text-color-color has-text-color\"><strong>TRASLADOS TUR\u00cdSTICOS<\/strong><\/p>\n\n\n\n<hr class=\"wp-block-separator has-alpha-channel-opacity\"\/>\n\n\n\n<div id=\"wp-block-themeisle-blocks-advanced-columns-2c54431d\" class=\"wp-block-themeisle-blocks-advanced-columns has-2-columns has-desktop-equal-layout has-tablet-equal-layout has-mobile-collapsedRows-layout has-vertical-unset\"><div class=\"wp-block-themeisle-blocks-advanced-columns-overlay\"><\/div><div class=\"innerblocks-wrap\">\n<div id=\"wp-block-themeisle-blocks-advanced-column-1b16ad91\" class=\"wp-block-themeisle-blocks-advanced-column\"><div class=\"wp-block-image\">\n<figure class=\"aligncenter size-large is-resized\"><img decoding=\"async\" src=\"https:\/\/mamaqtambolodge.com\/wp-content\/uploads\/2023\/04\/trasladotur_mamaq.png\" alt=\"\" style=\"width:450px;height:450px\"\/><\/figure>\n<\/div><\/div>\n\n\n\n<div id=\"wp-block-themeisle-blocks-advanced-column-c268ce0a\" class=\"wp-block-themeisle-blocks-advanced-column\">\n<p class=\"has-neve-text-color-color has-text-color\">Organizamos Visitas y Tours a Chachapoyas y mas destinos con traslado desde el mismo Lodge<br>Diferentes actividades que puedes hacer durante tu estad\u00eda en nuestro Lodge y disfrutar de todas las riquezas de esta regi\u00f3n.<\/p>\n\n\n\n<ul class=\"wp-block-list has-neve-text-color-color has-text-color\">\n<li>Yalape + Chachapoyas<\/li>\n\n\n\n<li>MachuPirca + Macro<\/li>\n\n\n\n<li>Macro + Chachapoyas<\/li>\n\n\n\n<li>Mausoleos de Revash<\/li>\n\n\n\n<li>Pacla: Pinturas rupestres , Ca\u00f1\u00f3n de Pacla y Mirador Punta Calvario<\/li>\n\n\n\n<li>Los Sarc\u00f3fagos de Cerro El Tigre<\/li>\n\n\n\n<li>Museo de Leymebamba + Petroglifo La Pitaya<\/li>\n<\/ul>\n\n\n\n<div class=\"wp-block-buttons is-content-justification-center is-layout-flex wp-container-core-buttons-is-layout-16018d1d wp-block-buttons-is-layout-flex\">\n<div class=\"wp-block-button is-style-secondary\"><a class=\"wp-block-button__link wp-element-button\" href=\"https:\/\/mamaqtambolodge.com\/?page_id=665\" style=\"border-radius:5px\">MAS INFO<\/a><\/div>\n<\/div>\n\n\n\n<div style=\"height:15px\" aria-hidden=\"true\" class=\"wp-block-spacer\"><\/div>\n<\/div>\n<\/div><\/div>\n\n\n\n<div style=\"height:15px\" aria-hidden=\"true\" class=\"wp-block-spacer\"><\/div>\n<\/div><\/div>\n\n\n\n<div class=\"wp-block-cover alignfull\" style=\"min-height:600px;aspect-ratio:unset;\"><span aria-hidden=\"true\" class=\"wp-block-cover__background has-nv-site-bg-background-color has-background-dim-100 has-background-dim\"><\/span><div class=\"wp-block-cover__inner-container is-layout-flow wp-block-cover-is-layout-flow\">\n<div style=\"height:15px\" aria-hidden=\"true\" class=\"wp-block-spacer\"><\/div>\n\n\n\n<p class=\"has-neve-text-color-color has-text-color\"><strong>TREKKING DESDE MAMAQ<\/strong><\/p>\n\n\n\n<hr class=\"wp-block-separator has-text-color has-nv-dark-bg-color has-alpha-channel-opacity has-nv-dark-bg-background-color has-background\"\/>\n\n\n\n<div id=\"wp-block-themeisle-blocks-advanced-columns-65506eb1\" class=\"wp-block-themeisle-blocks-advanced-columns has-2-columns has-desktop-equal-layout has-tablet-equal-layout has-mobile-collapsedRows-layout has-vertical-unset\"><div class=\"wp-block-themeisle-blocks-advanced-columns-overlay\"><\/div><div class=\"innerblocks-wrap\">\n<div id=\"wp-block-themeisle-blocks-advanced-column-8a1bb1f9\" class=\"wp-block-themeisle-blocks-advanced-column\">\n<p class=\"has-text-align-right has-neve-text-color-color has-text-color\">El programa \u201cTrekking Mamaq Tambo Lodge\u201d lo puedes seguir durante tu estad\u00eda directamente saliendo de nuestro Lodge y disfrutar as\u00ed de todas las riquezas naturales de nuestros alrededores.<br>La disponibilidad de los tours pueden variar por el cambio de las condiciones atmosf\u00e9ricas.<\/p>\n\n\n\n<ul class=\"wp-block-list has-neve-text-color-color has-text-color\">\n<li>Catarata de Golondrina y Arenal<\/li>\n\n\n\n<li>Catarata de Cajuache<\/li>\n\n\n\n<li>Caminata y Picnic al Rio Gocta<\/li>\n\n\n\n<li>Catarata de Ramos y Rio de Colores<\/li>\n\n\n\n<li>Caminata a Maripata<\/li>\n<\/ul>\n\n\n\n<div class=\"wp-block-buttons is-content-justification-center is-layout-flex wp-container-core-buttons-is-layout-16018d1d wp-block-buttons-is-layout-flex\">\n<div class=\"wp-block-button is-style-secondary\"><a class=\"wp-block-button__link wp-element-button\" href=\"https:\/\/mamaqtambolodge.com\/?page_id=658\" style=\"border-radius:5px\">MAS INFO<\/a><\/div>\n<\/div>\n\n\n\n<div style=\"height:15px\" aria-hidden=\"true\" class=\"wp-block-spacer\"><\/div>\n<\/div>\n\n\n\n<div id=\"wp-block-themeisle-blocks-advanced-column-1d551ef4\" class=\"wp-block-themeisle-blocks-advanced-column\"><div class=\"wp-block-image\">\n<figure class=\"aligncenter size-large is-resized\"><img decoding=\"async\" src=\"https:\/\/mamaqtambolodge.com\/wp-content\/uploads\/2023\/04\/trekking_mamaq.png\" alt=\"\" style=\"width:450px;height:450px\"\/><\/figure>\n<\/div><\/div>\n<\/div><\/div>\n\n\n\n<div style=\"height:15px\" aria-hidden=\"true\" class=\"wp-block-spacer\"><\/div>\n<\/div><\/div>\n\n\n\n<div class=\"wp-block-cover alignfull\" style=\"min-height:600px;aspect-ratio:unset;\"><span aria-hidden=\"true\" class=\"wp-block-cover__background has-nv-light-bg-background-color has-background-dim-100 has-background-dim\"><\/span><div class=\"wp-block-cover__inner-container is-layout-flow wp-block-cover-is-layout-flow\">\n<div style=\"height:15px\" aria-hidden=\"true\" class=\"wp-block-spacer\"><\/div>\n\n\n\n<p class=\"has-text-align-right has-neve-text-color-color has-text-color\"><strong>TALLERES MEDICINA NATURAL Y VIVENCIALES<\/strong><\/p>\n\n\n\n<hr class=\"wp-block-separator has-alpha-channel-opacity\"\/>\n\n\n\n<div id=\"wp-block-themeisle-blocks-advanced-columns-e5cd5922\" class=\"wp-block-themeisle-blocks-advanced-columns has-2-columns has-desktop-equal-layout has-tablet-equal-layout has-mobile-collapsedRows-layout has-vertical-unset\"><div class=\"wp-block-themeisle-blocks-advanced-columns-overlay\"><\/div><div class=\"innerblocks-wrap\">\n<div id=\"wp-block-themeisle-blocks-advanced-column-5d51bc70\" class=\"wp-block-themeisle-blocks-advanced-column\"><div class=\"wp-block-image\">\n<figure class=\"aligncenter size-large is-resized\"><img decoding=\"async\" src=\"https:\/\/mamaqtambolodge.com\/wp-content\/uploads\/2023\/04\/tallermed_mamaq.png\" alt=\"\" style=\"width:450px;height:450px\"\/><\/figure>\n<\/div><\/div>\n\n\n\n<div id=\"wp-block-themeisle-blocks-advanced-column-b57dd7e3\" class=\"wp-block-themeisle-blocks-advanced-column\">\n<p class=\"has-neve-text-color-color has-text-color\">Conocer la tradici\u00f3n viva de nuestra regi\u00f3n, su plantas y preparar de ellas medicinas naturales.<br><br><strong>Taller de tejido de cintura<\/strong><br>Conocer\u00e1s la t\u00e9cnica ancestral de tejido de cintura con una tejedora local. Un encuentro en tres tiempos: recolecci\u00f3n del algod\u00f3n, hilado y tejido del telar.<br><strong>Taller de elaboraci\u00f3n de medicinas herbales<\/strong><br>En este taller vas a aprender a preparar tus propias medicinas y a extraer las propiedades de las plantas de manera correcta. Tus insumos ser\u00e1n las hojas, flores, frutos y semillas que crecen en nuestros jardines y alrededores del Lodge.<br><strong>Caminata de reconocimiento de plantas medicinales.<\/strong><br>!Cuanto aprendizaje hay en la observaci\u00f3n!<br>Te llevaremos de paseo por nuestra ruta favorita para que conozcas plantas silvestres y medicinales de la zona.<\/p>\n\n\n\n<div class=\"wp-block-buttons is-content-justification-center is-layout-flex wp-container-core-buttons-is-layout-16018d1d wp-block-buttons-is-layout-flex\">\n<div class=\"wp-block-button is-style-secondary\"><a class=\"wp-block-button__link wp-element-button\" href=\"https:\/\/mamaqtambolodge.com\/?page_id=686\" style=\"border-radius:5px\">MAS INFO<\/a><\/div>\n<\/div>\n\n\n\n<div style=\"height:15px\" aria-hidden=\"true\" class=\"wp-block-spacer\"><\/div>\n<\/div>\n<\/div><\/div>\n\n\n\n<div style=\"height:15px\" aria-hidden=\"true\" class=\"wp-block-spacer\"><\/div>\n<\/div><\/div>\n\n\n\n<div class=\"wp-block-cover alignfull\" style=\"min-height:600px;aspect-ratio:unset;\"><span aria-hidden=\"true\" class=\"wp-block-cover__background has-nv-site-bg-background-color has-background-dim-100 has-background-dim\"><\/span><div class=\"wp-block-cover__inner-container is-layout-flow wp-block-cover-is-layout-flow\">\n<div style=\"height:15px\" aria-hidden=\"true\" class=\"wp-block-spacer\"><\/div>\n\n\n\n<p class=\"has-neve-text-color-color has-text-color\"><strong>ESTANCIAS LARGAS<\/strong><\/p>\n\n\n\n<hr class=\"wp-block-separator has-text-color has-nv-dark-bg-color has-alpha-channel-opacity has-nv-dark-bg-background-color has-background\"\/>\n\n\n\n<div id=\"wp-block-themeisle-blocks-advanced-columns-96a9ce4e\" class=\"wp-block-themeisle-blocks-advanced-columns has-2-columns has-desktop-equal-layout has-tablet-equal-layout has-mobile-collapsedRows-layout has-vertical-unset\"><div class=\"wp-block-themeisle-blocks-advanced-columns-overlay\"><\/div><div class=\"innerblocks-wrap\">\n<div id=\"wp-block-themeisle-blocks-advanced-column-6041a790\" class=\"wp-block-themeisle-blocks-advanced-column\">\n<p class=\"has-text-align-right has-neve-text-color-color has-text-color\">Mamaq Tambo Casa es una nueva forma de hospedarte. <br>Alquila una caba\u00f1a, independiente, amplia, segura y con todas las comodidades de un hotel<br>El entorno natural y la ubicaci\u00f3n de MAMAQ TAMBO LODGE propician desde ya una estad\u00eda saludable al aire puro y con un adecuado distanciamiento de las zonas de m\u00e1s alta densidad demogr\u00e1fica.<br>Qu\u00e9dese durante una, dos semanas consecutivas o m\u00e1s para disfrutar de una serie de privilegios y hacer que su estad\u00eda sea a\u00fan m\u00e1s c\u00f3moda!<\/p>\n\n\n\n<div class=\"wp-block-buttons is-content-justification-center is-layout-flex wp-container-core-buttons-is-layout-16018d1d wp-block-buttons-is-layout-flex\">\n<div class=\"wp-block-button is-style-secondary\"><a class=\"wp-block-button__link wp-element-button\" href=\"https:\/\/mamaqtambolodge.com\/?page_id=578\" style=\"border-radius:5px\">MAS INFO<\/a><\/div>\n<\/div>\n\n\n\n<div style=\"height:15px\" aria-hidden=\"true\" class=\"wp-block-spacer\"><\/div>\n<\/div>\n\n\n\n<div id=\"wp-block-themeisle-blocks-advanced-column-4c8d5232\" class=\"wp-block-themeisle-blocks-advanced-column\"><div class=\"wp-block-image\">\n<figure class=\"aligncenter size-large is-resized\"><img decoding=\"async\" src=\"https:\/\/mamaqtambolodge.com\/wp-content\/uploads\/2023\/04\/vista_cabana3_cuadrada.jpg\" alt=\"\" style=\"width:451px;height:451px\"\/><\/figure>\n<\/div><\/div>\n<\/div><\/div>\n\n\n\n<div style=\"height:15px\" aria-hidden=\"true\" class=\"wp-block-spacer\"><\/div>\n<\/div><\/div>\n\n\n\n<div class=\"wp-block-cover alignfull\" style=\"min-height:600px;aspect-ratio:unset;\"><span aria-hidden=\"true\" class=\"wp-block-cover__background has-nv-light-bg-background-color has-background-dim-100 has-background-dim\"><\/span><div class=\"wp-block-cover__inner-container is-layout-flow wp-block-cover-is-layout-flow\">\n<div style=\"height:15px\" aria-hidden=\"true\" class=\"wp-block-spacer\"><\/div>\n\n\n\n<p class=\"has-text-align-right has-neve-text-color-color has-text-color\"><strong>PAQUETE DETOX<\/strong><\/p>\n\n\n\n<hr class=\"wp-block-separator has-alpha-channel-opacity\"\/>\n\n\n\n<div id=\"wp-block-themeisle-blocks-advanced-columns-3d6cdc17\" class=\"wp-block-themeisle-blocks-advanced-columns has-2-columns has-desktop-equal-layout has-tablet-equal-layout has-mobile-collapsedRows-layout has-vertical-unset\"><div class=\"wp-block-themeisle-blocks-advanced-columns-overlay\"><\/div><div class=\"innerblocks-wrap\">\n<div id=\"wp-block-themeisle-blocks-advanced-column-6c31247f\" class=\"wp-block-themeisle-blocks-advanced-column\"><div class=\"wp-block-image\">\n<figure class=\"aligncenter size-large is-resized\"><img decoding=\"async\" src=\"https:\/\/mamaqtambolodge.com\/wp-content\/uploads\/2023\/04\/sauna2.png\" alt=\"\" style=\"width:450px;height:450px\"\/><\/figure>\n<\/div><\/div>\n\n\n\n<div id=\"wp-block-themeisle-blocks-advanced-column-9c83efd1\" class=\"wp-block-themeisle-blocks-advanced-column\">\n<p class=\"has-neve-text-color-color has-text-color\">Es un programa 7 noches y 8 d\u00edas de desintoxicaci\u00f3n, tratamiento personalizado con medicina herbal, spa org\u00e1nico, alimentaci\u00f3n saludable y estad\u00eda en una de nuestras hermosas caba\u00f1as con terraza privada rodeada por jardines y vista a la catarata Gocta.<\/p>\n\n\n\n<ul class=\"wp-block-list has-neve-text-color-color has-text-color\">\n<li><strong>Alimentaci\u00f3n curativa<\/strong><\/li>\n\n\n\n<li><strong>Bot\u00e1nica local<\/strong><\/li>\n\n\n\n<li><strong>Importancia de volver a la naturaleza<\/strong><\/li>\n<\/ul>\n\n\n\n<p class=\"has-neve-text-color-color has-text-color\">Volver a lo que somos, al origen y conectar con el presente y el placer . Un viaje interno de reconocimiento del universo, de tu universo, a trav\u00e9s del camino que te proponemos en este programa: meditaci\u00f3n, auto cuidado, conexi\u00f3n herbal, alimentaci\u00f3n saludable, descanso y escucha.<\/p>\n\n\n\n<div class=\"wp-block-buttons is-content-justification-center is-layout-flex wp-container-core-buttons-is-layout-16018d1d wp-block-buttons-is-layout-flex\">\n<div class=\"wp-block-button is-style-secondary\"><a class=\"wp-block-button__link wp-element-button\" href=\"https:\/\/mamaqtambolodge.com\/?page_id=680\" style=\"border-radius:5px\">MAS INFO<\/a><\/div>\n<\/div>\n\n\n\n<div style=\"height:15px\" aria-hidden=\"true\" class=\"wp-block-spacer\"><\/div>\n<\/div>\n<\/div><\/div>\n\n\n\n<div style=\"height:15px\" aria-hidden=\"true\" class=\"wp-block-spacer\"><\/div>\n<\/div><\/div>\n","protected":false},"excerpt":{"rendered":"","protected":false},"author":1,"featured_media":0,"parent":0,"menu_order":0,"comment_status":"closed","ping_status":"closed","template":"","meta":{"neve_meta_sidebar":"full-width","neve_meta_container":"","neve_meta_enable_content_width":"on","neve_meta_content_width":100,"neve_meta_title_alignment":"","neve_meta_author_avatar":"","neve_post_elements_order":"","neve_meta_disable_header":"","neve_meta_disable_footer":"","neve_meta_disable_title":"on","_themeisle_gutenberg_block_has_review":false,"_joinchat":[],"footnotes":""},"class_list":["post-691","page","type-page","status-publish","hentry"],"_links":{"self":[{"href":"https:\/\/mamaqtambolodge.com\/index.php?rest_route=\/wp\/v2\/pages\/691","targetHints":{"allow":["GET"]}}],"collection":[{"href":"https:\/\/mamaqtambolodge.com\/index.php?rest_route=\/wp\/v2\/pages"}],"about":[{"href":"https:\/\/mamaqtambolodge.com\/index.php?rest_route=\/wp\/v2\/types\/page"}],"author":[{"embeddable":true,"href":"https:\/\/mamaqtambolodge.com\/index.php?rest_route=\/wp\/v2\/users\/1"}],"replies":[{"embeddable":true,"href":"https:\/\/mamaqtambolodge.com\/index.php?rest_route=%2Fwp%2Fv2%2Fcomments&post=691"}],"version-history":[{"count":1,"href":"https:\/\/mamaqtambolodge.com\/index.php?rest_route=\/wp\/v2\/pages\/691\/revisions"}],"predecessor-version":[{"id":1850,"href":"https:\/\/mamaqtambolodge.com\/index.php?rest_route=\/wp\/v2\/pages\/691\/revisions\/1850"}],"wp:attachment":[{"href":"https:\/\/mamaqtambolodge.com\/index.php?rest_route=%2Fwp%2Fv2%2Fmedia&parent=691"}],"curies":[{"name":"wp","href":"https:\/\/api.w.org\/{rel}","templated":true}]}}