{"id":658,"date":"2023-04-26T14:04:35","date_gmt":"2023-04-26T14:04:35","guid":{"rendered":"https:\/\/mamaqtambolodge.com\/mamaq2023\/?page_id=658"},"modified":"2024-06-27T23:51:34","modified_gmt":"2024-06-28T04:51:34","slug":"trekking-desde-mamaq","status":"publish","type":"page","link":"https:\/\/mamaqtambolodge.com\/?page_id=658","title":{"rendered":"Trekking desde Mamaq"},"content":{"rendered":"\n<div class=\"wp-block-cover alignfull\" style=\"min-height:50px;aspect-ratio:unset;\"><span aria-hidden=\"true\" class=\"wp-block-cover__background has-nv-site-bg-background-color has-background-dim-100 has-background-dim\"><\/span><div class=\"wp-block-cover__inner-container is-layout-flow wp-block-cover-is-layout-flow\">\n<p class=\"has-text-align-center has-large-font-size\"><\/p>\n<\/div><\/div>\n\n\n\n<div class=\"wp-block-cover alignfull\" style=\"min-height:600px;aspect-ratio:unset;\"><span aria-hidden=\"true\" class=\"wp-block-cover__background has-nv-light-bg-background-color has-background-dim\"><\/span><img loading=\"lazy\" decoding=\"async\" width=\"2500\" height=\"1667\" class=\"wp-block-cover__image-background wp-image-1014\" alt=\"\" src=\"https:\/\/mamaqtambolodge.com\/wp-content\/uploads\/2023\/05\/caminante_gocta.jpeg\" style=\"object-position:46% 64%\" data-object-fit=\"cover\" data-object-position=\"46% 64%\" srcset=\"https:\/\/mamaqtambolodge.com\/wp-content\/uploads\/2023\/05\/caminante_gocta.jpeg 2500w, https:\/\/mamaqtambolodge.com\/wp-content\/uploads\/2023\/05\/caminante_gocta-300x200.jpeg 300w, https:\/\/mamaqtambolodge.com\/wp-content\/uploads\/2023\/05\/caminante_gocta-1024x683.jpeg 1024w, https:\/\/mamaqtambolodge.com\/wp-content\/uploads\/2023\/05\/caminante_gocta-768x512.jpeg 768w, https:\/\/mamaqtambolodge.com\/wp-content\/uploads\/2023\/05\/caminante_gocta-1536x1024.jpeg 1536w, https:\/\/mamaqtambolodge.com\/wp-content\/uploads\/2023\/05\/caminante_gocta-2048x1366.jpeg 2048w, https:\/\/mamaqtambolodge.com\/wp-content\/uploads\/2023\/05\/caminante_gocta-930x620.jpeg 930w\" sizes=\"auto, (max-width: 2500px) 100vw, 2500px\" \/><div class=\"wp-block-cover__inner-container is-layout-flow wp-block-cover-is-layout-flow\">\n<div class=\"wp-block-group\"><div class=\"wp-block-group__inner-container is-layout-flow wp-block-group-is-layout-flow\">\n<h1 class=\"wp-block-heading has-text-align-left\">TREKKING MAMAQ<\/h1>\n\n\n\n<div style=\"height:40px\" aria-hidden=\"true\" class=\"wp-block-spacer\"><\/div>\n\n\n\n<h4 class=\"wp-block-heading has-text-align-left\">EXPERIENCIAS MAMAQ<\/h4>\n\n\n\n<p class=\"has-neve-text-color-color has-nv-site-bg-background-color has-text-color has-background\">Hemos dise\u00f1ado el programa \u201cTrekking Mamaq Tambo Lodge\u201d que puedes seguir durante tu estad\u00eda directamente saliendo de nuestro Lodge y disfrutar as\u00ed de todas las riquezas naturales de nuestros alrededores.<br>La disponibilidad de los tours pueden variar por el cambio de las condiciones atmosf\u00e9ricas.<\/p>\n<\/div><\/div>\n<\/div><\/div>\n\n\n\n<div class=\"wp-block-cover alignfull\" style=\"min-height:600px;aspect-ratio:unset;\"><span aria-hidden=\"true\" class=\"wp-block-cover__background has-nv-site-bg-background-color has-background-dim-100 has-background-dim\"><\/span><div class=\"wp-block-cover__inner-container is-layout-flow wp-block-cover-is-layout-flow\">\n<div style=\"height:15px\" aria-hidden=\"true\" class=\"wp-block-spacer\"><\/div>\n\n\n\n<p class=\"has-text-align-right has-neve-text-color-color has-text-color\"><strong>CATARATA DE GOLONDRINA Y ARENAL<\/strong><br><em>Caminata a la Catarata de Golondrina<br>Visita al Arenal de Shungalla<\/em><\/p>\n\n\n\n<hr class=\"wp-block-separator has-text-color has-nv-dark-bg-color has-alpha-channel-opacity has-nv-dark-bg-background-color has-background\"\/>\n\n\n\n<div id=\"wp-block-themeisle-blocks-advanced-columns-9000bf4e\" class=\"wp-block-themeisle-blocks-advanced-columns has-2-columns has-desktop-equal-layout has-tablet-equal-layout has-mobile-collapsedRows-layout has-vertical-unset\"><div class=\"wp-block-themeisle-blocks-advanced-columns-overlay\"><\/div><div class=\"innerblocks-wrap\">\n<div id=\"wp-block-themeisle-blocks-advanced-column-6a4a6082\" class=\"wp-block-themeisle-blocks-advanced-column\">\n<p class=\"has-text-align-right has-neve-text-color-color has-text-color\"><strong>PROGRAMA<\/strong><br>Trekking que empieza desde el Lodge, tiene una primera parte de subida de unos 2 kil\u00f3metros (aprox. 1 hora) y despues camino de altura con poca pendiente. Llegando a la parte mas alta (Shungalla) podremos apreciar varias cataratas, bosques h\u00famedos, bosque de palmeras, vistas asombrosas y diferentes aves. Visitaremos la zona donde quiebra la catarata de Golondrina que tiene un salto de aproximadamente 70 mt. Terminaremos la caminata en la zona llamada Arenal donde la misma arena blanca da la impresi\u00f3n de un paisaje caribe\u00f1o.<br><br><em>El paquete incluye : <\/em><br><em>Guiado<\/em><br><br>Tiempo Recorrido : 5\/6 horas<br>Dificultad Trekking : Media<br><br><strong>Precio por 1-4 personas : 380 soles<\/strong><br><strong>Persona adicional : 50 soles<\/strong><\/p>\n<\/div>\n\n\n\n<div id=\"wp-block-themeisle-blocks-advanced-column-e8c642f1\" class=\"wp-block-themeisle-blocks-advanced-column\">\n<figure class=\"wp-block-video\"><video height=\"1920\" style=\"aspect-ratio: 1080 \/ 1920;\" width=\"1080\" controls src=\"https:\/\/mamaqtambolodge.com\/wp-content\/uploads\/2023\/11\/SaveInsta.App-3206261449789077997_9039172540-1.mp4\"><\/video><figcaption class=\"wp-element-caption\">Trekking Golondrina - Gocta - Mamaq Tambo Lodge<\/figcaption><\/figure>\n<\/div>\n<\/div><\/div>\n<\/div><\/div>\n\n\n\n<div class=\"wp-block-cover alignfull\" style=\"min-height:600px;aspect-ratio:unset;\"><span aria-hidden=\"true\" class=\"wp-block-cover__background has-nv-light-bg-background-color has-background-dim-100 has-background-dim\"><\/span><div class=\"wp-block-cover__inner-container is-layout-flow wp-block-cover-is-layout-flow\">\n<div style=\"height:15px\" aria-hidden=\"true\" class=\"wp-block-spacer\"><\/div>\n\n\n\n<p class=\"has-text-align-left has-neve-text-color-color has-text-color\"><strong>CATARATA DE CAJUACHE<\/strong><br><em>Caminata a la Catarata de Cajuache<\/em><\/p>\n\n\n\n<hr class=\"wp-block-separator has-alpha-channel-opacity\"\/>\n\n\n\n<div id=\"wp-block-themeisle-blocks-advanced-columns-d3297ad3\" class=\"wp-block-themeisle-blocks-advanced-columns has-2-columns has-desktop-equal-layout has-tablet-equal-layout has-mobile-collapsedRows-layout has-vertical-unset\"><div class=\"wp-block-themeisle-blocks-advanced-columns-overlay\"><\/div><div class=\"innerblocks-wrap\">\n<div id=\"wp-block-themeisle-blocks-advanced-column-dc142b13\" class=\"wp-block-themeisle-blocks-advanced-column\"><div class=\"wp-block-image is-resized\">\n<figure class=\"aligncenter size-full\"><img loading=\"lazy\" decoding=\"async\" width=\"600\" height=\"600\" src=\"https:\/\/mamaqtambolodge.com\/wp-content\/uploads\/2023\/04\/cajuache_mamaq.png\" alt=\"\" class=\"wp-image-840\" srcset=\"https:\/\/mamaqtambolodge.com\/wp-content\/uploads\/2023\/04\/cajuache_mamaq.png 600w, https:\/\/mamaqtambolodge.com\/wp-content\/uploads\/2023\/04\/cajuache_mamaq-300x300.png 300w, https:\/\/mamaqtambolodge.com\/wp-content\/uploads\/2023\/04\/cajuache_mamaq-150x150.png 150w\" sizes=\"auto, (max-width: 600px) 100vw, 600px\" \/><\/figure>\n<\/div><\/div>\n\n\n\n<div id=\"wp-block-themeisle-blocks-advanced-column-98730780\" class=\"wp-block-themeisle-blocks-advanced-column\">\n<p class=\"has-neve-text-color-color has-text-color\"><strong>PROGRAMA<\/strong><br>El trekking empieza en el Anexo de la Coca a 5 minutos en carro o moto del Lodge. <br>La primera parte consta de una subida de aproximadamente 40 minutos que nos lleva a la parte alta de la Coca y entraremos en la zona de la Catarata donde hay una piscina natural donde ba\u00f1arse y espacios para comer c\u00f3modamente en las mismas piedras.<br><br><em>El paquete incluye : <\/em><br>Traslado en Veh\u00edculo + Guiado<br><br>Tiempo Recorrido : 2\/3 horas<br>Dificultad Trekking : Media<br><br><strong>Precio por 1-4 persona : 280 soles<br>Persona adicional : 50 soles<\/strong><\/p>\n<\/div>\n<\/div><\/div>\n<\/div><\/div>\n\n\n\n<div class=\"wp-block-cover alignfull\" style=\"min-height:400px;aspect-ratio:unset;\"><span aria-hidden=\"true\" class=\"wp-block-cover__background has-nv-site-bg-background-color has-background-dim-100 has-background-dim\"><\/span><div class=\"wp-block-cover__inner-container is-layout-flow wp-block-cover-is-layout-flow\">\n<div style=\"height:15px\" aria-hidden=\"true\" class=\"wp-block-spacer\"><\/div>\n\n\n\n<p class=\"has-text-align-right has-neve-text-color-color has-text-color\"><strong>CAMINATA Y PICNIC AL RIO GOCTA<\/strong><br><em>Caminata al Rio Gocta<br>Picnic en el Rio<\/em><\/p>\n\n\n\n<hr class=\"wp-block-separator has-text-color has-nv-dark-bg-color has-alpha-channel-opacity has-nv-dark-bg-background-color has-background\"\/>\n\n\n\n<div id=\"wp-block-themeisle-blocks-advanced-columns-6c69f38d\" class=\"wp-block-themeisle-blocks-advanced-columns has-2-columns has-desktop-equal-layout has-tablet-equal-layout has-mobile-collapsedRows-layout has-vertical-unset\"><div class=\"wp-block-themeisle-blocks-advanced-columns-overlay\"><\/div><div class=\"innerblocks-wrap\">\n<div id=\"wp-block-themeisle-blocks-advanced-column-e39a6083\" class=\"wp-block-themeisle-blocks-advanced-column\">\n<p class=\"has-text-align-right has-neve-text-color-color has-text-color\"><strong>PROGRAMA<\/strong><br>Trekking que empieza con empieza desde el Lodge y nos lleva en camino de bajada hasta el Rio Gocta donde se puede tomar un ba\u00f1o y ver a diferentes aves que viven cerca de sus aguas. <br>La salida ser\u00e1 por la carretera de Cocahuayco \/ Cocachimba donde una movilidad nos acompa\u00f1ara de vuelta al Lodge<br><br><em>El paquete incluye : <\/em><br>Guiado <br><br>Tiempo Recorrido : 4\/5 horas<br>Dificultad Trekking : Facil<br><br><strong>Precio por 1-4 persona : 380 soles<br>Persona adicional : 50 soles<\/strong><\/p>\n<\/div>\n\n\n\n<div id=\"wp-block-themeisle-blocks-advanced-column-bb837806\" class=\"wp-block-themeisle-blocks-advanced-column\"><div class=\"wp-block-image is-resized\">\n<figure class=\"aligncenter size-full\"><img loading=\"lazy\" decoding=\"async\" width=\"600\" height=\"600\" src=\"https:\/\/mamaqtambolodge.com\/wp-content\/uploads\/2023\/04\/riogocta_mamaq.png\" alt=\"\" class=\"wp-image-843\" srcset=\"https:\/\/mamaqtambolodge.com\/wp-content\/uploads\/2023\/04\/riogocta_mamaq.png 600w, https:\/\/mamaqtambolodge.com\/wp-content\/uploads\/2023\/04\/riogocta_mamaq-300x300.png 300w, https:\/\/mamaqtambolodge.com\/wp-content\/uploads\/2023\/04\/riogocta_mamaq-150x150.png 150w\" sizes=\"auto, (max-width: 600px) 100vw, 600px\" \/><\/figure>\n<\/div><\/div>\n<\/div><\/div>\n<\/div><\/div>\n\n\n\n<div class=\"wp-block-cover alignfull\" style=\"min-height:600px;aspect-ratio:unset;\"><span aria-hidden=\"true\" class=\"wp-block-cover__background has-nv-light-bg-background-color has-background-dim-100 has-background-dim\"><\/span><div class=\"wp-block-cover__inner-container is-layout-flow wp-block-cover-is-layout-flow\">\n<div style=\"height:15px\" aria-hidden=\"true\" class=\"wp-block-spacer\"><\/div>\n\n\n\n<p class=\"has-text-align-left has-neve-text-color-color has-text-color\"><strong>CATARATA DE RAMOS Y RIO DE COLORES<\/strong><br><em>Caminata a la Catarata de Ramos<br>Excursi\u00f3n hasta el Rio de Colores<\/em><\/p>\n\n\n\n<hr class=\"wp-block-separator has-alpha-channel-opacity\"\/>\n\n\n\n<div id=\"wp-block-themeisle-blocks-advanced-columns-2c54431d\" class=\"wp-block-themeisle-blocks-advanced-columns has-2-columns has-desktop-equal-layout has-tablet-equal-layout has-mobile-collapsedRows-layout has-vertical-unset\"><div class=\"wp-block-themeisle-blocks-advanced-columns-overlay\"><\/div><div class=\"innerblocks-wrap\">\n<div id=\"wp-block-themeisle-blocks-advanced-column-1b16ad91\" class=\"wp-block-themeisle-blocks-advanced-column\"><div class=\"wp-block-image is-resized\">\n<figure class=\"aligncenter size-full\"><img loading=\"lazy\" decoding=\"async\" width=\"600\" height=\"600\" src=\"https:\/\/mamaqtambolodge.com\/wp-content\/uploads\/2023\/04\/riocolores_mamaq.jpg\" alt=\"\" class=\"wp-image-850\" srcset=\"https:\/\/mamaqtambolodge.com\/wp-content\/uploads\/2023\/04\/riocolores_mamaq.jpg 600w, https:\/\/mamaqtambolodge.com\/wp-content\/uploads\/2023\/04\/riocolores_mamaq-300x300.jpg 300w, https:\/\/mamaqtambolodge.com\/wp-content\/uploads\/2023\/04\/riocolores_mamaq-150x150.jpg 150w\" sizes=\"auto, (max-width: 600px) 100vw, 600px\" \/><\/figure>\n<\/div><\/div>\n\n\n\n<div id=\"wp-block-themeisle-blocks-advanced-column-c268ce0a\" class=\"wp-block-themeisle-blocks-advanced-column\">\n<p class=\"has-neve-text-color-color has-text-color\"><strong>PROGRAMA<\/strong><br>Trekking para caminantes intermedios que se desarrolla por la zona de Huayraticrana y Santa Cruz que nos ofrecer\u00e1 vistas panor\u00e1micas sobre el valle del Utcubamba, y luego algunascataratas. <br>El camino llega al anexo de Santa Cruz donde al cabo de media hora llegaremos a las pozas de colores y a la Catarata de Ramos, punto final del recorrido y donde tomar un ba\u00f1o de sol y agua.<br><br><em>El paquete incluye : <\/em><br>Traslado en Veh\u00edculo + Guiado<br><br>Tiempo Recorrido : 5\/6 horas<br>Dificultad Trekking : Media \/ Dificil<br><br><strong>Precio por 1-4 persona : 380 soles<br>Persona adicional : 50 soles<\/strong><\/p>\n<\/div>\n<\/div><\/div>\n<\/div><\/div>\n\n\n\n<div class=\"wp-block-cover alignfull\" style=\"min-height:600px;aspect-ratio:unset;\"><span aria-hidden=\"true\" class=\"wp-block-cover__background has-nv-site-bg-background-color has-background-dim-100 has-background-dim\"><\/span><div class=\"wp-block-cover__inner-container is-layout-flow wp-block-cover-is-layout-flow\">\n<div style=\"height:15px\" aria-hidden=\"true\" class=\"wp-block-spacer\"><\/div>\n\n\n\n<p class=\"has-text-align-right has-neve-text-color-color has-text-color\"><strong>CAMINATA A MARIPATA<\/strong><br><em>Caminata a Maripata<\/em><\/p>\n\n\n\n<hr class=\"wp-block-separator has-text-color has-nv-dark-bg-color has-alpha-channel-opacity has-nv-dark-bg-background-color has-background\"\/>\n\n\n\n<div id=\"wp-block-themeisle-blocks-advanced-columns-394c44c4\" class=\"wp-block-themeisle-blocks-advanced-columns has-2-columns has-desktop-equal-layout has-tablet-equal-layout has-mobile-collapsedRows-layout has-vertical-unset\"><div class=\"wp-block-themeisle-blocks-advanced-columns-overlay\"><\/div><div class=\"innerblocks-wrap\">\n<div id=\"wp-block-themeisle-blocks-advanced-column-01863a17\" class=\"wp-block-themeisle-blocks-advanced-column\">\n<p class=\"has-text-align-right has-neve-text-color-color has-text-color\"><strong>PROGRAMA<\/strong><br>Trekking para expertos, es un ascenso de mas de 1000mt que nos lleva a la punta opuesta a la catarata de Gocta donde se podr\u00e1 apreciar una vista asombrosa sobre nuestro distrito. <br>Desde all\u00ed podremos ver Huancas, el Rio Uctubamba, Paclas, las alturas de Luya y la Catarata de Gocta en todo su esplendor.<br><br><em>El paquete incluye : <\/em><br>Traslado con Veh\u00edculo + Guiado<br><br>Tiempo Recorrido : 6\/7 horas<br>Dificultad Trekking : Media \/ Dificil<br><br><strong>Precio por 1-4 persona : 380 soles<br>Persona adicional : 50 soles<\/strong><\/p>\n<\/div>\n\n\n\n<div id=\"wp-block-themeisle-blocks-advanced-column-496543dc\" class=\"wp-block-themeisle-blocks-advanced-column\"><div class=\"wp-block-image is-resized\">\n<figure class=\"aligncenter size-full\"><img loading=\"lazy\" decoding=\"async\" width=\"600\" height=\"600\" src=\"https:\/\/mamaqtambolodge.com\/wp-content\/uploads\/2023\/04\/maripata_mamaq.png\" alt=\"\" class=\"wp-image-846\" srcset=\"https:\/\/mamaqtambolodge.com\/wp-content\/uploads\/2023\/04\/maripata_mamaq.png 600w, https:\/\/mamaqtambolodge.com\/wp-content\/uploads\/2023\/04\/maripata_mamaq-300x300.png 300w, https:\/\/mamaqtambolodge.com\/wp-content\/uploads\/2023\/04\/maripata_mamaq-150x150.png 150w\" sizes=\"auto, (max-width: 600px) 100vw, 600px\" \/><\/figure>\n<\/div><\/div>\n<\/div><\/div>\n<\/div><\/div>\n\n\n\n<div class=\"wp-block-cover alignfull\" style=\"min-height:400px;aspect-ratio:unset;\"><span aria-hidden=\"true\" class=\"wp-block-cover__background has-nv-light-bg-background-color has-background-dim-100 has-background-dim\"><\/span><div class=\"wp-block-cover__inner-container is-layout-flow wp-block-cover-is-layout-flow\">\n<div style=\"height:15px\" aria-hidden=\"true\" class=\"wp-block-spacer\"><\/div>\n\n\n\n<p class=\"has-text-align-left has-neve-text-color-color has-text-color\"><strong>CATARATA DE GOCTA \u2013 PRIMERA CA\u00cdDA Y SEGUNDA CA\u00cdDA<\/strong><br><em>Caminata a la Catarata de Gocta<\/em><\/p>\n\n\n\n<hr class=\"wp-block-separator has-alpha-channel-opacity\"\/>\n\n\n\n<div id=\"wp-block-themeisle-blocks-advanced-columns-ceba22a0\" class=\"wp-block-themeisle-blocks-advanced-columns has-2-columns has-desktop-equal-layout has-tablet-equal-layout has-mobile-collapsedRows-layout has-vertical-unset\"><div class=\"wp-block-themeisle-blocks-advanced-columns-overlay\"><\/div><div class=\"innerblocks-wrap\">\n<div id=\"wp-block-themeisle-blocks-advanced-column-afeca086\" class=\"wp-block-themeisle-blocks-advanced-column\"><div class=\"wp-block-image is-resized\">\n<figure class=\"aligncenter size-full\"><img loading=\"lazy\" decoding=\"async\" width=\"600\" height=\"600\" src=\"https:\/\/mamaqtambolodge.com\/wp-content\/uploads\/2023\/04\/gocta_mamaq.png\" alt=\"\" class=\"wp-image-847\" srcset=\"https:\/\/mamaqtambolodge.com\/wp-content\/uploads\/2023\/04\/gocta_mamaq.png 600w, https:\/\/mamaqtambolodge.com\/wp-content\/uploads\/2023\/04\/gocta_mamaq-300x300.png 300w, https:\/\/mamaqtambolodge.com\/wp-content\/uploads\/2023\/04\/gocta_mamaq-150x150.png 150w\" sizes=\"auto, (max-width: 600px) 100vw, 600px\" \/><\/figure>\n<\/div><\/div>\n\n\n\n<div id=\"wp-block-themeisle-blocks-advanced-column-ce30a765\" class=\"wp-block-themeisle-blocks-advanced-column\">\n<p class=\"has-neve-text-color-color has-text-color\"><strong>PROGRAMA<\/strong><br>Trekking para caminantes expertos que se desarrolla desde el pueblo de San Pablo de Valera (traslado en auto) hacia la Primera Caida (5km aprox), volviendo tomamos el desvi\u00f3 hacia el Mirador de Gocta y bajamos por un camino empinado hacia la quebrada de Golondrina (2.5Km aprox), pasando el Rio Golondrina nos conectamos al camino principal de la Segunda Ca\u00edda de Gocta (2Km aprox). <br>Despu\u00e9s el almuerzo volveremos en direcci\u00f3n de Cocachimba y antes de llegar al pueblo tomaremos un desv\u00edo que nos llevar\u00e1 a la zona conocida como Mata la cual se conecte directamente al Lodge.<br><br><em>El paquete incluye : <\/em><br>Traslado en Veh\u00edculo + Guiado<br><br>Tiempo Recorrido : 6\/7 horas<br>Dificultad Trekking : Media \/ Dificil<br><br><strong>Precio por 1-4 persona : 380 soles<br>Persona adicional : 50 soles<\/strong><\/p>\n<\/div>\n<\/div><\/div>\n<\/div><\/div>\n","protected":false},"excerpt":{"rendered":"","protected":false},"author":1,"featured_media":0,"parent":0,"menu_order":0,"comment_status":"closed","ping_status":"closed","template":"","meta":{"neve_meta_sidebar":"full-width","neve_meta_container":"","neve_meta_enable_content_width":"on","neve_meta_content_width":100,"neve_meta_title_alignment":"","neve_meta_author_avatar":"","neve_post_elements_order":"","neve_meta_disable_header":"","neve_meta_disable_footer":"","neve_meta_disable_title":"on","_themeisle_gutenberg_block_has_review":false,"_joinchat":[],"footnotes":""},"class_list":["post-658","page","type-page","status-publish","hentry"],"_links":{"self":[{"href":"https:\/\/mamaqtambolodge.com\/index.php?rest_route=\/wp\/v2\/pages\/658","targetHints":{"allow":["GET"]}}],"collection":[{"href":"https:\/\/mamaqtambolodge.com\/index.php?rest_route=\/wp\/v2\/pages"}],"about":[{"href":"https:\/\/mamaqtambolodge.com\/index.php?rest_route=\/wp\/v2\/types\/page"}],"author":[{"embeddable":true,"href":"https:\/\/mamaqtambolodge.com\/index.php?rest_route=\/wp\/v2\/users\/1"}],"replies":[{"embeddable":true,"href":"https:\/\/mamaqtambolodge.com\/index.php?rest_route=%2Fwp%2Fv2%2Fcomments&post=658"}],"version-history":[{"count":6,"href":"https:\/\/mamaqtambolodge.com\/index.php?rest_route=\/wp\/v2\/pages\/658\/revisions"}],"predecessor-version":[{"id":1700,"href":"https:\/\/mamaqtambolodge.com\/index.php?rest_route=\/wp\/v2\/pages\/658\/revisions\/1700"}],"wp:attachment":[{"href":"https:\/\/mamaqtambolodge.com\/index.php?rest_route=%2Fwp%2Fv2%2Fmedia&parent=658"}],"curies":[{"name":"wp","href":"https:\/\/api.w.org\/{rel}","templated":true}]}}