{"id":612,"date":"2023-04-25T20:32:17","date_gmt":"2023-04-25T20:32:17","guid":{"rendered":"https:\/\/mamaqtambolodge.com\/mamaq2023\/?page_id=612"},"modified":"2025-02-19T15:19:37","modified_gmt":"2025-02-19T20:19:37","slug":"paquetes-todo-incluido","status":"publish","type":"page","link":"https:\/\/mamaqtambolodge.com\/?page_id=612","title":{"rendered":"Paquetes todo incluido"},"content":{"rendered":"\n<div class=\"wp-block-cover alignfull\" style=\"min-height:50px;aspect-ratio:unset;\"><span aria-hidden=\"true\" class=\"wp-block-cover__background has-nv-site-bg-background-color has-background-dim-100 has-background-dim\"><\/span><div class=\"wp-block-cover__inner-container is-layout-flow wp-block-cover-is-layout-flow\">\n<p class=\"has-text-align-center has-large-font-size\"><\/p>\n<\/div><\/div>\n\n\n\n<div class=\"wp-block-cover alignfull is-light\" style=\"min-height:600px;aspect-ratio:unset;\"><span aria-hidden=\"true\" class=\"wp-block-cover__background has-nv-light-bg-background-color has-background-dim\"><\/span><img loading=\"lazy\" decoding=\"async\" width=\"2500\" height=\"1406\" class=\"wp-block-cover__image-background wp-image-1035\" alt=\"\" src=\"https:\/\/mamaqtambolodge.com\/wp-content\/uploads\/2023\/05\/servicios_mamaq_tambo.jpg\" style=\"object-position:32% 100%\" data-object-fit=\"cover\" data-object-position=\"32% 100%\" srcset=\"https:\/\/mamaqtambolodge.com\/wp-content\/uploads\/2023\/05\/servicios_mamaq_tambo.jpg 2500w, https:\/\/mamaqtambolodge.com\/wp-content\/uploads\/2023\/05\/servicios_mamaq_tambo-300x169.jpg 300w, https:\/\/mamaqtambolodge.com\/wp-content\/uploads\/2023\/05\/servicios_mamaq_tambo-1024x576.jpg 1024w, https:\/\/mamaqtambolodge.com\/wp-content\/uploads\/2023\/05\/servicios_mamaq_tambo-768x432.jpg 768w, https:\/\/mamaqtambolodge.com\/wp-content\/uploads\/2023\/05\/servicios_mamaq_tambo-1536x864.jpg 1536w, https:\/\/mamaqtambolodge.com\/wp-content\/uploads\/2023\/05\/servicios_mamaq_tambo-2048x1152.jpg 2048w\" sizes=\"auto, (max-width: 2500px) 100vw, 2500px\" \/><div class=\"wp-block-cover__inner-container is-layout-flow wp-block-cover-is-layout-flow\">\n<div class=\"wp-block-group\"><div class=\"wp-block-group__inner-container is-layout-flow wp-block-group-is-layout-flow\">\n<h1 class=\"wp-block-heading has-text-align-left has-nv-site-bg-color has-text-color\">PAQUETES <strong>TODO INCLUIDO<\/strong><\/h1>\n\n\n\n<div style=\"height:40px\" aria-hidden=\"true\" class=\"wp-block-spacer\"><\/div>\n\n\n\n<h4 class=\"wp-block-heading has-nv-site-bg-color has-text-color\"><strong>EXPERIENCIAS MAMAQ<\/strong><\/h4>\n\n\n\n<p class=\"has-neve-text-color-color has-nv-site-bg-background-color has-text-color has-background\">Paquete todo incluido para que no tengas que organizar nada, nos ocupamos de todos nosotros. Los mejores destinos en nuestra regi\u00f3n organizados para que lo puedas visitar, ademas de la flexibilidad de armar tu paquete dependiendo de tus gustos espec\u00edficos. Cu\u00e9ntanos lo que quieres y nosotros nos ocupamos de crearlo a tu medida.<\/p>\n<\/div><\/div>\n<\/div><\/div>\n\n\n\n<div class=\"wp-block-cover alignfull\" style=\"min-height:400px;aspect-ratio:unset;\"><span aria-hidden=\"true\" class=\"wp-block-cover__background has-nv-site-bg-background-color has-background-dim-100 has-background-dim\"><\/span><div class=\"wp-block-cover__inner-container is-layout-flow wp-block-cover-is-layout-flow\">\n<div style=\"height:15px\" aria-hidden=\"true\" class=\"wp-block-spacer\"><\/div>\n\n\n\n<p class=\"has-neve-text-color-color has-text-color\"><strong>PAQUETE 2 NOCHES<\/strong><br><em>Caminata a la Catarata de Gocta<br>Visita al refugio del Colibr\u00ed Cola Esp\u00e1tula<\/em><\/p>\n\n\n\n<hr class=\"wp-block-separator has-text-color has-nv-dark-bg-color has-alpha-channel-opacity has-nv-dark-bg-background-color has-background\"\/>\n\n\n\n<div id=\"wp-block-themeisle-blocks-advanced-columns-9000bf4e\" class=\"wp-block-themeisle-blocks-advanced-columns has-2-columns has-desktop-equal-layout has-tablet-equal-layout has-mobile-collapsedRows-layout has-vertical-unset\"><div class=\"wp-block-themeisle-blocks-advanced-columns-overlay\"><\/div><div class=\"innerblocks-wrap\">\n<div id=\"wp-block-themeisle-blocks-advanced-column-6a4a6082\" class=\"wp-block-themeisle-blocks-advanced-column\">\n<p class=\"has-neve-text-color-color has-text-color\"><strong>PROGRAMA<\/strong><br><strong>D\u00cdA 1:<\/strong><br>Llegada a Mamaq Tambo Lodge<br>Tiempo Libre y posibilidad de peque\u00f1o trekking al mirador Desunidos<br><br><strong>D\u00cdA 2:<\/strong><br>Caminata a la Catarata de Gocta<br>Box Lunch para la caminata de Gocta<br>Visita del Refugio del Colibr\u00ed Cola de Esp\u00e1tula<\/p>\n<\/div>\n\n\n\n<div id=\"wp-block-themeisle-blocks-advanced-column-e8c642f1\" class=\"wp-block-themeisle-blocks-advanced-column\">\n<p class=\"has-neve-text-color-color has-text-color\"><strong>DESCRIPCI\u00d3N <\/strong><br>2 noches de alojamiento en caba\u00f1a suite deluxe con vista a Gocta, terraza y jardines privado<br><br>Desayunos y cenas durante toda la estad\u00eda<br><br>Traslado desde aeropuertos (en shuttle privado compartido desde Ja\u00e9n, o en auto desde Chachapoyas)<br><br><em><strong>Tarifa paquete 2 personas: 1620,00 soles<\/strong><\/em><br><strong><em>Tarifa persona Extra : consultar<\/em><\/strong><br>Capacidad M\u00e1xima: 5 personas<br><br><strong>Opciones con costo extra :<\/strong><br>Taxi privado desde el aeropuerto de Ja\u00e9n<br>Caballos para la caminata de Gocta<br>Sauna con hierbas medicinales y arom\u00e1ticas<\/p>\n<\/div>\n<\/div><\/div>\n<\/div><\/div>\n\n\n\n<div class=\"wp-block-cover alignfull\" style=\"min-height:400px;aspect-ratio:unset;\"><span aria-hidden=\"true\" class=\"wp-block-cover__background has-nv-light-bg-background-color has-background-dim-100 has-background-dim\"><\/span><div class=\"wp-block-cover__inner-container is-layout-flow wp-block-cover-is-layout-flow\">\n<div style=\"height:15px\" aria-hidden=\"true\" class=\"wp-block-spacer\"><\/div>\n\n\n\n<p class=\"has-neve-text-color-color has-text-color\"><strong>PAQUETE 3 NOCHES<\/strong><br><em>Caminata a la Catarata de Gocta<br>Visita al Refugio del Colibr\u00ed Cola Esp\u00e1tula<br>Zona Monumental de Kuelap y visita sitio arqueol\u00f3gico Macro (*)<\/em><\/p>\n\n\n\n<hr class=\"wp-block-separator has-alpha-channel-opacity\"\/>\n\n\n\n<div id=\"wp-block-themeisle-blocks-advanced-columns-d3297ad3\" class=\"wp-block-themeisle-blocks-advanced-columns has-2-columns has-desktop-equal-layout has-tablet-equal-layout has-mobile-collapsedRows-layout has-vertical-unset\"><div class=\"wp-block-themeisle-blocks-advanced-columns-overlay\"><\/div><div class=\"innerblocks-wrap\">\n<div id=\"wp-block-themeisle-blocks-advanced-column-98730780\" class=\"wp-block-themeisle-blocks-advanced-column\">\n<p class=\"has-neve-text-color-color has-text-color\"><strong>PROGRAMA<\/strong><br><strong>D\u00cdA 1:<\/strong><br>Llegada a Mamaq Tambo Lodge<br>Tiempo Libre y posibilidad de peque\u00f1o trekking al mirador Desunidos<br><br><strong>D\u00cdA 2 :<\/strong><br>Caminata a la Catarata de Gocta<br>Box Lunch para la caminata a Gocta<br>Visita del Refugio del Colibr\u00ed Cola de Esp\u00e1tula<br><br><strong>DIA 3 :<\/strong><br>Traslado en Telef\u00e9rico hasta la Llacta<br>Almuerzo incluido (plato y refresco)<br>Cena con fogata<\/p>\n<\/div>\n\n\n\n<div id=\"wp-block-themeisle-blocks-advanced-column-dc142b13\" class=\"wp-block-themeisle-blocks-advanced-column\">\n<p class=\"has-neve-text-color-color has-text-color\"><strong>DESCRIPCI\u00d3N <\/strong><br>3 noches de alojamiento en caba\u00f1a suite deluxe con vista a Gocta, terraza y jardines privados<br>Desayunos y cenas durante toda la estad\u00eda<br>Traslado desde aeropuertos (en shuttle privado compartido desde Ja\u00e9n, o en auto desde Chachapoyas)<br><br>2 actividades full day<br>Tickets para la caminata a la Catarata de Gocta<br>Box Lunch para la caminata a Gocta<br>Tickets para visita del Refugio del Colibr\u00ed Cola de Esp\u00e1tula<br>1 cena con fogata<br><br>Traslados ida y vuelta en auto privado al telef\u00e9rico<br>Tickets para el telef\u00e9rico y para el sitio arqueol\u00f3gico<br>Almuerzo en Macro Camping u otro (dependiendo la hora)<br>(* ) Puedes reemplazarlo por otro de nuestras Visitas y tours full day<br><br><em><strong>Tarifa paquete 2 personas: 2760 soles<\/strong><\/em><br><strong><em>Tarifa persona Extra : consultar<\/em><\/strong><br>Capacidad M\u00e1xima: 5 personas<br><br><strong>Opciones con costo extra :<\/strong><br>Taxi privado desde el aeropuerto de Ja\u00e9n<br>Caballos para la caminata de Gocta<br>Sauna con hierbas medicinales y arom\u00e1ticas<\/p>\n<\/div>\n<\/div><\/div>\n<\/div><\/div>\n\n\n\n<div class=\"wp-block-cover alignfull\" style=\"min-height:400px;aspect-ratio:unset;\"><span aria-hidden=\"true\" class=\"wp-block-cover__background has-nv-site-bg-background-color has-background-dim-100 has-background-dim\"><\/span><div class=\"wp-block-cover__inner-container is-layout-flow wp-block-cover-is-layout-flow\">\n<div style=\"height:15px\" aria-hidden=\"true\" class=\"wp-block-spacer\"><\/div>\n\n\n\n<p class=\"has-neve-text-color-color has-text-color\"><strong>PAQUETE 4 NOCHES<\/strong><br><em>Caminata a la Catarata de Gocta<br>Visita al Refugio del Colibr\u00ed Cola Esp\u00e1tula<br>Telef\u00e9rico de Kuelap y Visita sitio arqueol\u00f3gico Macro<br>Chachapoyas y Ca\u00f1\u00f3n del Sonche<\/em><\/p>\n\n\n\n<hr class=\"wp-block-separator has-text-color has-nv-dark-bg-color has-alpha-channel-opacity has-nv-dark-bg-background-color has-background\"\/>\n\n\n\n<div id=\"wp-block-themeisle-blocks-advanced-columns-6c69f38d\" class=\"wp-block-themeisle-blocks-advanced-columns has-2-columns has-desktop-equal-layout has-tablet-equal-layout has-mobile-collapsedRows-layout has-vertical-unset\"><div class=\"wp-block-themeisle-blocks-advanced-columns-overlay\"><\/div><div class=\"innerblocks-wrap\">\n<div id=\"wp-block-themeisle-blocks-advanced-column-e39a6083\" class=\"wp-block-themeisle-blocks-advanced-column\">\n<p class=\"has-neve-text-color-color has-text-color\"><strong>PROGRAMA<\/strong><br><strong>D\u00cdA 1 :<\/strong><br>Llegada a Mamaq Tambo Lodge<br>Tiempo Libre y posibilidad de peque\u00f1o trekking al mirador Desunidos<br><br><strong>D\u00cdA 2 :<\/strong><br>Caminata a la Catarata de Gocta<br>Tickets para la caminata a la Catarata de Gocta<br>Box Lunch para la caminata a la Catarata de Gocta<br>Visita del Refugio del Colibr\u00ed Cola de Esp\u00e1tula<br><br><strong>D\u00cdA 3 :<\/strong><br>Visita al Complejo Kuelap<br>Traslado en Telef\u00e9rico hasta el Complejo<br>Almuerzo incluido (plato y refresco)<br>Cena con fogata<br><br><strong>D\u00cdA 4 :<\/strong><br>Visita a la Ciudad de Chachapoyas<br>Visita al Ca\u00f1\u00f3n del Sonche y de Huancahurco<br>Tiempo para Almuerzo en Chachapoyas<\/p>\n<\/div>\n\n\n\n<div id=\"wp-block-themeisle-blocks-advanced-column-bb837806\" class=\"wp-block-themeisle-blocks-advanced-column\">\n<p class=\"has-neve-text-color-color has-text-color\"><strong>DESCRIPCI\u00d3N <\/strong><br>4 noches de alojamiento en caba\u00f1a suite deluxe con vista a Gocta, terraza y jardines privados<br><br>Desayunos y cenas durante toda la estad\u00eda<br>Traslado desde aeropuertos (en shuttle privado compartido desde Ja\u00e9n, o en auto desde Chachapoyas)<br><br>3 actividades full day<br>1 actividad 1\/2 d\u00eda<br>Tickets para la caminata a la Catarata de Gocta<br>Box Lunch para la caminata a la Catarata de Gocta<br>Tickets para visita del Refugio del Colibr\u00ed Cola de Esp\u00e1tula<br><br>1 cena con fogata<br>Traslados ida y vuelta en auto privado al telef\u00e9rico y almuerzo<br><br>Tickets para el telef\u00e9rico y para el sitio arqueol\u00f3gico<br>Tickets para la visita al Ca\u00f1\u00f3n del Sonche<br>Almuerzo en Chachapoyas en restaurante de su elecci\u00f3n no incluido<br>(* ) Puedes reemplazarlo por otro de nuestras Visitas y tours full day<br><br><em><strong>Tarifa paquete 2 personas: 3960 soles<\/strong><\/em><br><strong><em>Tarifa persona Extra : consultar<\/em><\/strong><br>Capacidad M\u00e1xima: 5 personas<br><br><strong>Opciones con costo extra :<\/strong><br>Caballos para la caminata de Gocta<br>Sauna con hierbas medicinales y arom\u00e1ticas<br>Taxi privado desde el aeropuerto de Ja\u00e9n<br>Talleres opcionales. Visita nuestra p\u00e1gina de talleres<\/p>\n<\/div>\n<\/div><\/div>\n<\/div><\/div>\n\n\n\n<div class=\"wp-block-cover alignfull\" style=\"min-height:400px;aspect-ratio:unset;\"><span aria-hidden=\"true\" class=\"wp-block-cover__background has-nv-light-bg-background-color has-background-dim-100 has-background-dim\"><\/span><div class=\"wp-block-cover__inner-container is-layout-flow wp-block-cover-is-layout-flow\">\n<div style=\"height:15px\" aria-hidden=\"true\" class=\"wp-block-spacer\"><\/div>\n\n\n\n<p class=\"has-neve-text-color-color has-text-color\"><strong>PAQUETE 5 NOCHES<\/strong><br><em>Caminata a la Catarata de Gocta<br>Visita al Refugio del Colibr\u00ed Cola Esp\u00e1tula<br>Telef\u00e9rico de Kuelap y Visita sitio arqueol\u00f3gico Macro<br>Chachapoyas y Ca\u00f1\u00f3n del Sonche<br>Una actividad mas a tu elecci\u00f3n (*)<\/em><\/p>\n\n\n\n<hr class=\"wp-block-separator has-alpha-channel-opacity\"\/>\n\n\n\n<div id=\"wp-block-themeisle-blocks-advanced-columns-2c54431d\" class=\"wp-block-themeisle-blocks-advanced-columns has-2-columns has-desktop-equal-layout has-tablet-equal-layout has-mobile-collapsedRows-layout has-vertical-unset\"><div class=\"wp-block-themeisle-blocks-advanced-columns-overlay\"><\/div><div class=\"innerblocks-wrap\">\n<div id=\"wp-block-themeisle-blocks-advanced-column-c268ce0a\" class=\"wp-block-themeisle-blocks-advanced-column\">\n<p class=\"has-neve-text-color-color has-text-color\"><strong>PROGRAMA<\/strong><br><strong>D\u00cdA 1:<\/strong><br>Llegada a Mamaq Tambo Lodge<br>Tiempo Libre y posibilidad de peque\u00f1o trekking al mirador Desunidos<br><br><strong>D\u00cdA 2:<\/strong><br>Caminata a la Catarata de Gocta<br>Box Lunch para la caminata de Gocta<br>Visita del Refugio del Colibr\u00ed Cola de Esp\u00e1tula<br><br><strong>D\u00cdA 3 :<\/strong><br>Visita al Complejo Kuelap<br>Traslado en Telef\u00e9rico al Complejo<br>Almuerzo incluido (plato y refresco)<br><br><strong>D\u00cdA 4 :<\/strong><br>Visita a la Ciudad de Chachapoyas<br>Visita al Ca\u00f1\u00f3n del Sonche y Huancahurco<br>Tiempo para Almuerzo en Chachapoyas<br><br><strong>D\u00cdA 5 :<\/strong><br>Actividad a tu elecci\u00f3n<\/p>\n<\/div>\n\n\n\n<div id=\"wp-block-themeisle-blocks-advanced-column-1b16ad91\" class=\"wp-block-themeisle-blocks-advanced-column\">\n<p class=\"has-neve-text-color-color has-text-color\"><strong>DESCRIPCI\u00d3N <\/strong><br>5 noches de alojamiento en caba\u00f1a suite deluxe con vista a Gocta, terraza y jardines privados<br>Desayunos y cenas durante toda la estad\u00eda<br>Traslado desde aeropuertos (en shuttle privado compartido desde Ja\u00e9n, o en auto desde Chachapoyas)<br><br>4 actividades full day<br>Tickets para la caminata a la Catarata de Gocta<br>Box Lunch para la caminata a la Catarata de Gocta<br>Tickets para visita del Refugio del Colibr\u00ed Cola de Esp\u00e1tula<br>1 cena con fogata<br><br>Tickets para el telef\u00e9rico y para el sitio arqueol\u00f3gico<br>Almuerzo incluido (plato y refresco)<br>Tickets para la visita al Ca\u00f1\u00f3n del Sonche<br>Traslados ida y vuelta en auto privado a las actividades fuera de Cocachimba<br>(*) Puedes ampliarlo con otro de nuestras Visitas y tours full day<br><br><strong><em>Tarifa paquete 2 personas: 4400 soles<\/em><\/strong><br><strong><em>Tarifa persona Extra : consultar<\/em><\/strong><br>Capacidad M\u00e1xima: 5 personas<br><br><strong>Opciones con costo extra :<\/strong><br>Caballos para la caminata de Gocta<br>Sauna con hierbas medicinales y arom\u00e1ticas<br>Taxi privado desde el aeropuerto de Ja\u00e9n<br>Talleres opcionales. Visita nuestra p\u00e1gina de talleres<\/p>\n<\/div>\n<\/div><\/div>\n<\/div><\/div>\n\n\n\n<div class=\"wp-block-cover alignfull\" style=\"min-height:400px;aspect-ratio:unset;\"><span aria-hidden=\"true\" class=\"wp-block-cover__background has-nv-site-bg-background-color has-background-dim-100 has-background-dim\"><\/span><div class=\"wp-block-cover__inner-container is-layout-flow wp-block-cover-is-layout-flow\">\n<div style=\"height:15px\" aria-hidden=\"true\" class=\"wp-block-spacer\"><\/div>\n\n\n\n<h3 class=\"wp-block-heading has-neve-text-color-color has-text-color\">SAN MART\u00cdN Y AMAZONAS<\/h3>\n\n\n\n<div style=\"height:15px\" aria-hidden=\"true\" class=\"wp-block-spacer\"><\/div>\n\n\n\n<p class=\"has-neve-text-color-color has-text-color\"><strong>PAQUETE 3 NOCHES<\/strong><br><em>Visita Bosque de la Nuwas<br>Mirador Bosque Alto Mayo<br>Visita Yalape y Chachapoyas (*)<br>Caminata a la Catarata de Gocta<br>Visita al Refugio del Colibr\u00ed Cola Esp\u00e1tula<\/em><\/p>\n\n\n\n<hr class=\"wp-block-separator has-text-color has-nv-dark-bg-color has-alpha-channel-opacity has-nv-dark-bg-background-color has-background\"\/>\n\n\n\n<div id=\"wp-block-themeisle-blocks-advanced-columns-394c44c4\" class=\"wp-block-themeisle-blocks-advanced-columns has-2-columns has-desktop-equal-layout has-tablet-equal-layout has-mobile-collapsedRows-layout has-vertical-unset\"><div class=\"wp-block-themeisle-blocks-advanced-columns-overlay\"><\/div><div class=\"innerblocks-wrap\">\n<div id=\"wp-block-themeisle-blocks-advanced-column-01863a17\" class=\"wp-block-themeisle-blocks-advanced-column\">\n<p class=\"has-neve-text-color-color has-text-color\"><strong>PROGRAMA<\/strong><br><strong>D\u00cdA 1 :<\/strong><br>Traslado en auto desde Aeropuerto Tarapoto<br>Visita al Bosque de las Nuwas<br>Parada en Mirador Bosque del Alto Mayo<br>Llegada a Mamaq Tambo Lodge<br><br><strong>D\u00cdA 2 :<\/strong><br>Caminata a la Catarata de Gocta<br>Box Lunch para la caminata a la Catarata de Gocta<br>Visita al Refugio del Colibr\u00ed Cola Esp\u00e1tula<br><br><strong>D\u00cdA 3 :<\/strong><br>Visita al sitio arqueol\u00f3gico de Yalape<br>Almuerzo en Chachapoyas en restaurante de su elecci\u00f3n no incluido<br>Visita a la Ciudad de Chachapoyas<br>Cena con fogata<br><br><strong>D\u00cdA 4 :<\/strong><br>Traslado al aeropuerto de Ja\u00e9n<\/p>\n<\/div>\n\n\n\n<div id=\"wp-block-themeisle-blocks-advanced-column-496543dc\" class=\"wp-block-themeisle-blocks-advanced-column\">\n<p class=\"has-neve-text-color-color has-text-color\"><strong>DESCRIPCI\u00d3N <\/strong><br>3 noches de alojamiento en caba\u00f1a suite deluxe con vista a Gocta, terraza y jardines privados<br>Desayunos y cenas durante toda la estad\u00eda<br>Traslado en auto desde Tarapoto<br><br>2 actividades full day<br>Tickets para la caminata a la Catarata de Gocta<br>Box Lunch para la caminata a la Catarata de Gocta<br>1 cena con fogata<br><br>Tickets para el sitio arqueol\u00f3gico de Yalape<br>Almuerzo en Chachapoyas en restaurante de su elecci\u00f3n no incluido<br>Traslado al aeropuerto de Jaen<br>(*) Puedes cambiarlo con otro de nuestras Visitas y tours full day<br><br><em><strong>Tarifa paquete 2 personas: 3960 soles<\/strong><\/em><br><strong><em>Tarifa persona Extra : consultar<\/em><\/strong><br>Capacidad M\u00e1xima: 5 personas<br><br><strong>Opciones con costo extra :<\/strong><br>Caballos para la caminata de Gocta<br>Sauna con hierbas medicinales y arom\u00e1ticas<br>Taxi privado desde el aeropuerto de Ja\u00e9n<br>Talleres opcionales. Visita nuestra p\u00e1gina de talleres<\/p>\n<\/div>\n<\/div><\/div>\n<\/div><\/div>\n\n\n\n<div class=\"wp-block-cover alignfull\" style=\"min-height:400px;aspect-ratio:unset;\"><span aria-hidden=\"true\" class=\"wp-block-cover__background has-nv-light-bg-background-color has-background-dim-100 has-background-dim\"><\/span><div class=\"wp-block-cover__inner-container is-layout-flow wp-block-cover-is-layout-flow\">\n<div style=\"height:15px\" aria-hidden=\"true\" class=\"wp-block-spacer\"><\/div>\n\n\n\n<p class=\"has-neve-text-color-color has-text-color\"><strong>PAQUETE 4 NOCHES<\/strong><br><em>Visita San Roque de Cumbaza<br>Taller Cacao con Do\u00f1a Segunda<br>Noche en Chirapa Manta<br>Visita Bosque de la Nuwas<br>Mirador Bosque Alto Mayo<br>Visita Yalape y Chachapoyas (*)<br>Caminata a la Catarata de Gocta<br>Visita al Refugio del Colibr\u00ed Cola Esp\u00e1tula<\/em><\/p>\n\n\n\n<hr class=\"wp-block-separator has-alpha-channel-opacity\"\/>\n\n\n\n<div id=\"wp-block-themeisle-blocks-advanced-columns-ceba22a0\" class=\"wp-block-themeisle-blocks-advanced-columns has-2-columns has-desktop-equal-layout has-tablet-equal-layout has-mobile-collapsedRows-layout has-vertical-unset\"><div class=\"wp-block-themeisle-blocks-advanced-columns-overlay\"><\/div><div class=\"innerblocks-wrap\">\n<div id=\"wp-block-themeisle-blocks-advanced-column-ce30a765\" class=\"wp-block-themeisle-blocks-advanced-column\">\n<p class=\"has-neve-text-color-color has-text-color\"><strong>PROGRAMA<\/strong><br><strong>D\u00cdA 1 :<\/strong><br>Traslado en auto desde Tarapoto<br>Visita en San Roque de Cumbaza<br>Taller de \u201cRuta del Cacao\u201d con Do\u00f1a Segunda<br>Alojamiento en Chirapa Manta Lodge<br>Tiempo Libre en el Rio Cumbaza<br><br><strong>D\u00cdA 2 :<\/strong><br>Visita al Bosque de las Nuwas<br>Parada en el Mirador Bosque del Alto Mayo<br>Llegada a Mamaq Tambo Lodge<br>Visita al Refugio del Colibr\u00ed Cola Esp\u00e1tula<br><br><strong>D\u00cdA 3 :<\/strong><br>Caminata a la Catarata de Gocta<br>Box Lunch para la caminata a la Catarata de Gocta<br>Cena con fogata<br><br><strong>D\u00cdA 4 :<\/strong><br>Visita al Complejo de Yalape<br>Visita a la Ciudad de Chachapoyas<br>Tiempo para almuerzo en la Ciudad de Chachapoyas en restaurante de su elecci\u00f3n (no incluido)<br><br><strong>D\u00cdA 5 :<\/strong><br>Traslado al aeropuerto de Ja\u00e9n<\/p>\n<\/div>\n\n\n\n<div id=\"wp-block-themeisle-blocks-advanced-column-afeca086\" class=\"wp-block-themeisle-blocks-advanced-column\">\n<p class=\"has-neve-text-color-color has-text-color\"><strong>DESCRIPCI\u00d3N <\/strong><br>1 noches de alojamiento en caba\u00f1a en el rio Cumbaza con terraza y acceso al rio privado<br>3 noches de alojamiento en caba\u00f1a suite deluxe con vista a Gocta, terraza y jardines privados<br>Desayunos y cenas durante toda la estad\u00eda<br>Traslado en auto desde Tarapoto<br><br>3 actividades full day<br>Tickets para la caminata a la Catarata de Gocta<br>Box Lunch para la caminata a la Catarata de Gocta<br>1 cena con fogata<br>Tickets para el sitio arqueol\u00f3gico<br>Tickets para la visita al Ca\u00f1\u00f3n del Sonche<br>Traslado al aeropuerto de Ja\u00e9n<br><br><strong><em>Tarifa paquete 2 personas: 4800 soles<\/em><\/strong><br><strong><em>Tarifa persona Extra : consultar<\/em><\/strong><br>Capacidad M\u00e1xima: 5 personas<br><br><strong>Opciones con costo extra :<\/strong><br>Caballos para la caminata de Gocta<br>Sauna con hierbas medicinales y arom\u00e1ticas<br>Taxi privado desde el aeropuerto de Ja\u00e9n<br>Talleres opcionales. Visita nuestra p\u00e1gina de talleres<\/p>\n<\/div>\n<\/div><\/div>\n<\/div><\/div>\n","protected":false},"excerpt":{"rendered":"","protected":false},"author":1,"featured_media":0,"parent":0,"menu_order":0,"comment_status":"closed","ping_status":"closed","template":"","meta":{"neve_meta_sidebar":"full-width","neve_meta_container":"","neve_meta_enable_content_width":"on","neve_meta_content_width":100,"neve_meta_title_alignment":"","neve_meta_author_avatar":"","neve_post_elements_order":"","neve_meta_disable_header":"","neve_meta_disable_footer":"","neve_meta_disable_title":"on","_themeisle_gutenberg_block_has_review":false,"_joinchat":[],"footnotes":""},"class_list":["post-612","page","type-page","status-publish","hentry"],"_links":{"self":[{"href":"https:\/\/mamaqtambolodge.com\/index.php?rest_route=\/wp\/v2\/pages\/612","targetHints":{"allow":["GET"]}}],"collection":[{"href":"https:\/\/mamaqtambolodge.com\/index.php?rest_route=\/wp\/v2\/pages"}],"about":[{"href":"https:\/\/mamaqtambolodge.com\/index.php?rest_route=\/wp\/v2\/types\/page"}],"author":[{"embeddable":true,"href":"https:\/\/mamaqtambolodge.com\/index.php?rest_route=\/wp\/v2\/users\/1"}],"replies":[{"embeddable":true,"href":"https:\/\/mamaqtambolodge.com\/index.php?rest_route=%2Fwp%2Fv2%2Fcomments&post=612"}],"version-history":[{"count":5,"href":"https:\/\/mamaqtambolodge.com\/index.php?rest_route=\/wp\/v2\/pages\/612\/revisions"}],"predecessor-version":[{"id":1829,"href":"https:\/\/mamaqtambolodge.com\/index.php?rest_route=\/wp\/v2\/pages\/612\/revisions\/1829"}],"wp:attachment":[{"href":"https:\/\/mamaqtambolodge.com\/index.php?rest_route=%2Fwp%2Fv2%2Fmedia&parent=612"}],"curies":[{"name":"wp","href":"https:\/\/api.w.org\/{rel}","templated":true}]}}