{"id":61,"date":"2020-01-23T18:21:52","date_gmt":"2020-01-23T18:21:52","guid":{"rendered":"https:\/\/demosites.io\/web-agency-gb\/?page_id=61"},"modified":"2025-11-05T13:24:51","modified_gmt":"2025-11-05T18:24:51","slug":"15c42-web-agency-gb-about-us","status":"publish","type":"page","link":"https:\/\/mamaqtambolodge.com\/?page_id=61","title":{"rendered":"Tarifas y Pol\u00edticas"},"content":{"rendered":"\n<div class=\"wp-block-cover alignfull\" style=\"min-height:50px;aspect-ratio:unset;\"><span aria-hidden=\"true\" class=\"wp-block-cover__background has-nv-site-bg-background-color has-background-dim-100 has-background-dim\"><\/span><div class=\"wp-block-cover__inner-container is-layout-flow wp-block-cover-is-layout-flow\">\n<p class=\"has-text-align-center has-large-font-size\"><\/p>\n<\/div><\/div>\n\n\n\n<div class=\"wp-block-cover alignfull\" style=\"min-height:600px;aspect-ratio:unset;\"><img loading=\"lazy\" decoding=\"async\" width=\"2453\" height=\"1637\" class=\"wp-block-cover__image-background wp-image-355\" alt=\"\" src=\"https:\/\/mamaqtambolodge.com\/wp-content\/uploads\/2023\/04\/vista_casa_principal.jpg\" style=\"object-position:57% 100%\" data-object-fit=\"cover\" data-object-position=\"57% 100%\" srcset=\"https:\/\/mamaqtambolodge.com\/wp-content\/uploads\/2023\/04\/vista_casa_principal.jpg 2453w, https:\/\/mamaqtambolodge.com\/wp-content\/uploads\/2023\/04\/vista_casa_principal-300x200.jpg 300w, https:\/\/mamaqtambolodge.com\/wp-content\/uploads\/2023\/04\/vista_casa_principal-1024x683.jpg 1024w, https:\/\/mamaqtambolodge.com\/wp-content\/uploads\/2023\/04\/vista_casa_principal-768x513.jpg 768w, https:\/\/mamaqtambolodge.com\/wp-content\/uploads\/2023\/04\/vista_casa_principal-1536x1025.jpg 1536w, https:\/\/mamaqtambolodge.com\/wp-content\/uploads\/2023\/04\/vista_casa_principal-2048x1367.jpg 2048w, https:\/\/mamaqtambolodge.com\/wp-content\/uploads\/2023\/04\/vista_casa_principal-930x620.jpg 930w\" sizes=\"auto, (max-width: 2453px) 100vw, 2453px\" \/><span aria-hidden=\"true\" class=\"wp-block-cover__background has-nv-light-bg-background-color has-background-dim\"><\/span><div class=\"wp-block-cover__inner-container is-layout-flow wp-block-cover-is-layout-flow\">\n<div class=\"wp-block-group\"><div class=\"wp-block-group__inner-container is-layout-flow wp-block-group-is-layout-flow\">\n<h1 class=\"wp-block-heading has-text-align-left\">TARIFAS Y POLITICAS EN MAMAQ<\/h1>\n\n\n\n<div style=\"height:40px\" aria-hidden=\"true\" class=\"wp-block-spacer\"><\/div>\n\n\n\n<h4 class=\"wp-block-heading has-nv-text-dark-bg-color has-text-color\"><strong>SERVICIOS Y ESTADIA<\/strong><\/h4>\n\n\n\n<p class=\"has-neve-text-color-color has-nv-site-bg-background-color has-text-color has-background\">Nuestros servicios est\u00e1n pensado para hacer su estad\u00eda lo mas relajante y acogedor posibles, por esto nos ocupamos de planificar sus d\u00edas sea visitando nuestro recursos naturales que arqueol\u00f3gicos. Sin olvidar la cocina y los deliciosos platos a base de los productos a km0 de nuestro restaurante.<\/p>\n<\/div><\/div>\n<\/div><\/div>\n\n\n\n<div class=\"wp-block-cover alignfull\" style=\"min-height:600px;aspect-ratio:unset;\"><span aria-hidden=\"true\" class=\"wp-block-cover__background has-nv-site-bg-background-color has-background-dim-100 has-background-dim\"><\/span><div class=\"wp-block-cover__inner-container is-layout-flow wp-block-cover-is-layout-flow\">\n<div class=\"wp-block-group\"><div class=\"wp-block-group__inner-container is-layout-flow wp-block-group-is-layout-flow\">\n<div style=\"height:15px\" aria-hidden=\"true\" class=\"wp-block-spacer\"><\/div>\n\n\n\n<table id=\"tablepress-1\" class=\"tablepress tablepress-id-1 tbody-has-connected-cells\">\n<thead>\n<tr class=\"row-1\">\n\t<th class=\"column-1\">TEMPORADA BAJA<\/th><th class=\"column-2\">Validas el resto del a\u00f1o<\/th>\n<\/tr>\n<\/thead>\n<tbody class=\"row-striping row-hover\">\n<tr class=\"row-2\">\n\t<td class=\"column-1\"><strong>ALOJAMIENTO<\/strong><\/td><td class=\"column-2\"><strong>Precios por Caba\u00f1a por Noche<\/strong><\/td>\n<\/tr>\n<tr class=\"row-3\">\n\t<td class=\"column-1\">1 Persona<\/td><td class=\"column-2\">S.\/ 320,00<\/td>\n<\/tr>\n<tr class=\"row-4\">\n\t<td class=\"column-1\">2 Personas<\/td><td class=\"column-2\">S.\/ 420,00<\/td>\n<\/tr>\n<tr class=\"row-5\">\n\t<td class=\"column-1\">3 Personas<\/td><td class=\"column-2\">S.\/ 520,00<\/td>\n<\/tr>\n<tr class=\"row-6\">\n\t<td class=\"column-1\">4 Personas<\/td><td class=\"column-2\">S.\/ 600,00<\/td>\n<\/tr>\n<tr class=\"row-7\">\n\t<td class=\"column-1\">5 Personas<\/td><td class=\"column-2\">S.\/ 650,00<\/td>\n<\/tr>\n<tr class=\"row-8\">\n\t<td colspan=\"2\" class=\"column-1\">Todos los precios son por noche y incluyen :<br \/>\n- Alojamiento en Caba\u00f1a Privada con vista a Gocta con terraza y jardines<br \/>\n- Wi-fi en todas las Instalaciones<br \/>\n- Bebida de Bienvenida<br \/>\n- Desayuno en el comedor<br \/>\n- Caf\u00e9 y Infusiones<br \/>\n- No incluye bebidas alcoh\u00f3licas ni descorche<\/td>\n<\/tr>\n<\/tbody>\n<\/table>\n<!-- #tablepress-1 from cache -->\n\n\n\n<div style=\"height:40px\" aria-hidden=\"true\" class=\"wp-block-spacer\"><\/div>\n\n\n\n<table id=\"tablepress-2\" class=\"tablepress tablepress-id-2 tbody-has-connected-cells\">\n<thead>\n<tr class=\"row-1\">\n\t<th class=\"column-1\">TEMPORADA ALTA<\/th><th class=\"column-2\">A\u00f1o nuevo, Semana Santa, Fiestas Patrias (toda la semana)<\/th>\n<\/tr>\n<\/thead>\n<tbody class=\"row-striping row-hover\">\n<tr class=\"row-2\">\n\t<td class=\"column-1\"><strong>ALOJAMIENTO<\/strong><\/td><td class=\"column-2\"><strong>Precios por Caba\u00f1a por Noche<\/strong><\/td>\n<\/tr>\n<tr class=\"row-3\">\n\t<td class=\"column-1\">1 Persona<\/td><td class=\"column-2\">S.\/ 400,00<\/td>\n<\/tr>\n<tr class=\"row-4\">\n\t<td class=\"column-1\">2 Personas<\/td><td class=\"column-2\">S.\/ 500,00<\/td>\n<\/tr>\n<tr class=\"row-5\">\n\t<td class=\"column-1\">3 Personas<\/td><td class=\"column-2\">S.\/ 650,00<\/td>\n<\/tr>\n<tr class=\"row-6\">\n\t<td class=\"column-1\">4 Personas<\/td><td class=\"column-2\">S.\/ 700,00<\/td>\n<\/tr>\n<tr class=\"row-7\">\n\t<td class=\"column-1\">5 Personas<\/td><td class=\"column-2\">S.\/ 800,00<\/td>\n<\/tr>\n<tr class=\"row-8\">\n\t<td colspan=\"2\" class=\"column-1\">Todos los precios son por noche y incluyen :<br \/>\n- Alojamiento en Caba\u00f1a Privada con vista a Gocta con terraza y jardines<br \/>\n- Wi-fi en todas las Instalaciones<br \/>\n- Bebida de Bienvenida<br \/>\n- Desayuno en el comedor<br \/>\n- Caf\u00e9 y Infusiones<br \/>\n- No incluye bebidas alcoh\u00f3licas ni descorche<\/td>\n<\/tr>\n<\/tbody>\n<\/table>\n<!-- #tablepress-2 from cache -->\n<\/div><\/div>\n<\/div><\/div>\n\n\n\n<div class=\"wp-block-cover alignfull\" style=\"min-height:600px;aspect-ratio:unset;\"><span aria-hidden=\"true\" class=\"wp-block-cover__background has-nv-light-bg-background-color has-background-dim-100 has-background-dim\"><\/span><div class=\"wp-block-cover__inner-container is-layout-flow wp-block-cover-is-layout-flow\">\n<div class=\"wp-block-group\"><div class=\"wp-block-group__inner-container is-layout-flow wp-block-group-is-layout-flow\">\n<div style=\"height:40px\" aria-hidden=\"true\" class=\"wp-block-spacer\"><\/div>\n\n\n\n<table id=\"tablepress-3\" class=\"tablepress tablepress-id-3 tbody-has-connected-cells\">\n<thead>\n<tr class=\"row-1\">\n\t<th class=\"column-1\">TARIFAS PAQUETE #SerNatural<\/th><th class=\"column-2\">Validas todo el 2026<\/th>\n<\/tr>\n<\/thead>\n<tbody class=\"row-striping row-hover\">\n<tr class=\"row-2\">\n\t<td class=\"column-1\"><strong>ALOJAMIENTO<\/strong><\/td><td class=\"column-2\"><strong>Precios por Paquete<\/strong><\/td>\n<\/tr>\n<tr class=\"row-3\">\n\t<td class=\"column-1\">1 persona<\/td><td class=\"column-2\">consultar<\/td>\n<\/tr>\n<tr class=\"row-4\">\n\t<td class=\"column-1\">2 personas<\/td><td class=\"column-2\">consultar<\/td>\n<\/tr>\n<tr class=\"row-5\">\n\t<td class=\"column-1\">3 personas<\/td><td class=\"column-2\">consultar<\/td>\n<\/tr>\n<tr class=\"row-6\">\n\t<td class=\"column-1\">4 personas<\/td><td class=\"column-2\">consultar<\/td>\n<\/tr>\n<tr class=\"row-7\">\n\t<td class=\"column-1\">5 personas<\/td><td class=\"column-2\">consultar<\/td>\n<\/tr>\n<tr class=\"row-8\">\n\t<td colspan=\"2\" class=\"column-1\">Todos los precios son por paquete y incluyen :<br \/>\n- Paquete #SerNatural<br \/>\n- Wi-fi en todas las Instalaciones<br \/>\nT\u00e9rminos y Condiciones:<br \/>\nLa confirmaci\u00f3n est\u00e1 sujeta a disponibilidad y las tarifas est\u00e1n sujetas a cambios sin previo aviso<br \/>\nMamaq Tambo Lodge se reserva el derecho de decisi\u00f3n final en caso de disputas<\/td>\n<\/tr>\n<\/tbody>\n<\/table>\n<!-- #tablepress-3 from cache -->\n\n\n\n<div style=\"height:40px\" aria-hidden=\"true\" class=\"wp-block-spacer\"><\/div>\n<\/div><\/div>\n<\/div><\/div>\n\n\n\n<div class=\"wp-block-cover alignfull\" style=\"min-height:600px;aspect-ratio:unset;\"><span aria-hidden=\"true\" class=\"wp-block-cover__background has-nv-site-bg-background-color has-background-dim-100 has-background-dim\"><\/span><div class=\"wp-block-cover__inner-container is-layout-flow wp-block-cover-is-layout-flow\">\n<div class=\"wp-block-group\"><div class=\"wp-block-group__inner-container is-layout-flow wp-block-group-is-layout-flow\">\n<div style=\"height:40px\" aria-hidden=\"true\" class=\"wp-block-spacer\"><\/div>\n\n\n\n<table id=\"tablepress-12\" class=\"tablepress tablepress-id-12 tbody-has-connected-cells\">\n<thead>\n<tr class=\"row-1\">\n\t<th class=\"column-1\">TARIFAS PAQUETE #EstadiaLarga<\/th><th class=\"column-2\">Validas todo el 2026<\/th>\n<\/tr>\n<\/thead>\n<tbody class=\"row-striping row-hover\">\n<tr class=\"row-2\">\n\t<td class=\"column-1\"><strong>ALOJAMIENTO<\/strong><\/td><td class=\"column-2\"><strong>Precios por Paquete<\/strong><\/td>\n<\/tr>\n<tr class=\"row-3\">\n\t<td class=\"column-1\">1 persona<\/td><td class=\"column-2\">S.\/ 1320,00<\/td>\n<\/tr>\n<tr class=\"row-4\">\n\t<td class=\"column-1\">2 personas<\/td><td class=\"column-2\">S.\/ 1920,00<\/td>\n<\/tr>\n<tr class=\"row-5\">\n\t<td class=\"column-1\">3 personas<\/td><td class=\"column-2\">S.\/ 2400,00<\/td>\n<\/tr>\n<tr class=\"row-6\">\n\t<td class=\"column-1\">4 personas<\/td><td class=\"column-2\">S.\/ 2920,00<\/td>\n<\/tr>\n<tr class=\"row-7\">\n\t<td class=\"column-1\">5 personas<\/td><td class=\"column-2\">consultar<\/td>\n<\/tr>\n<tr class=\"row-8\">\n\t<td colspan=\"2\" class=\"column-1\">Todos los precios son por paquete y incluyen :<br \/>\n- Paquete #EstadiaLarga<br \/>\n- Wi-fi en todas las Instalaciones<br \/>\nT\u00e9rminos y Condiciones:<br \/>\nLa confirmaci\u00f3n est\u00e1 sujeta a disponibilidad y las tarifas est\u00e1n sujetas a cambios sin previo aviso<br \/>\nMamaq Tambo Lodge se reserva el derecho de decisi\u00f3n final en caso de disputas<\/td>\n<\/tr>\n<\/tbody>\n<\/table>\n<!-- #tablepress-12 from cache -->\n\n\n\n<div style=\"height:40px\" aria-hidden=\"true\" class=\"wp-block-spacer\"><\/div>\n<\/div><\/div>\n<\/div><\/div>\n\n\n\n<div class=\"wp-block-cover alignfull\" style=\"min-height:600px;aspect-ratio:unset;\"><span aria-hidden=\"true\" class=\"wp-block-cover__background has-nv-light-bg-background-color has-background-dim-100 has-background-dim\"><\/span><div class=\"wp-block-cover__inner-container is-layout-flow wp-block-cover-is-layout-flow\">\n<div class=\"wp-block-group\"><div class=\"wp-block-group__inner-container is-layout-flow wp-block-group-is-layout-flow\">\n<div style=\"height:40px\" aria-hidden=\"true\" class=\"wp-block-spacer\"><\/div>\n\n\n\n<table id=\"tablepress-4\" class=\"tablepress tablepress-id-4 tbody-has-connected-cells\">\n<thead>\n<tr class=\"row-1\">\n\t<th colspan=\"2\" class=\"column-1\"><strong>OTROS SERVICIOS<\/strong><\/th>\n<\/tr>\n<\/thead>\n<tbody class=\"row-striping row-hover\">\n<tr class=\"row-2\">\n\t<td class=\"column-1\">Cafeter\u00eda Bar<\/td><td class=\"column-2\">Atenci\u00f3n de 16:00 \/ 21:00<\/td>\n<\/tr>\n<tr class=\"row-3\">\n\t<td class=\"column-1\">Piscina Natural con terraza<\/td><td class=\"column-2\">Atenci\u00f3n de 9:00 \/ 17:00<\/td>\n<\/tr>\n<tr class=\"row-4\">\n\t<td class=\"column-1\">Sal\u00f3n con Fogata<\/td><td class=\"column-2\">S.\/ 60 - (Gratuita a partir de 3 noches)<\/td>\n<\/tr>\n<tr class=\"row-5\">\n\t<td class=\"column-1\">Sauna con Hierbas Arom\u00e1ticas<\/td><td class=\"column-2\">S.\/ 120,00<\/td>\n<\/tr>\n<tr class=\"row-6\">\n\t<td class=\"column-1\">Servicio de Masaje Relajante con aceite macerados \"Cardumen Verde\"<\/td><td class=\"column-2\">S.\/ 150,00 (1 Hora)<\/td>\n<\/tr>\n<tr class=\"row-7\">\n\t<td class=\"column-1\">Lavander\u00eda<\/td><td class=\"column-2\">S.\/ 30,00<\/td>\n<\/tr>\n<tr class=\"row-8\">\n\t<td class=\"column-1\">Almuerzo (consultar disponibilidad)<\/td><td class=\"column-2\">S.\/ 40,00<\/td>\n<\/tr>\n<tr class=\"row-9\">\n\t<td class=\"column-1\">Cena (consultar disponibilidad)<\/td><td class=\"column-2\">S.\/ 60,00<\/td>\n<\/tr>\n<tr class=\"row-10\">\n\t<td colspan=\"2\" class=\"column-1\">HORARIOS DE ATENCI\u00d3N<\/td>\n<\/tr>\n<tr class=\"row-11\">\n\t<td class=\"column-1\">Desayuno<\/td><td class=\"column-2\">Atenci\u00f3n de 7:30 \/ 9:00<\/td>\n<\/tr>\n<tr class=\"row-12\">\n\t<td class=\"column-1\">Cena<\/td><td class=\"column-2\">Atenci\u00f3n de 19:00 \/ 20:30<\/td>\n<\/tr>\n<tr class=\"row-13\">\n\t<td colspan=\"2\" class=\"column-1\">Los precios pueden estar sujetos a cambio sin previo aviso.<br \/>\nEl \u00fanico precio correcto que debe entenderse es el indicado en el momento de la confirmaci\u00f3n de la reserva por parte de Mamaq Tambo Lodge.<\/td>\n<\/tr>\n<\/tbody>\n<\/table>\n<!-- #tablepress-4 from cache -->\n\n\n\n<div style=\"height:40px\" aria-hidden=\"true\" class=\"wp-block-spacer\"><\/div>\n<\/div><\/div>\n<\/div><\/div>\n\n\n\n<div class=\"wp-block-cover alignfull\" style=\"min-height:600px;aspect-ratio:unset;\"><span aria-hidden=\"true\" class=\"wp-block-cover__background has-nv-site-bg-background-color has-background-dim-100 has-background-dim\"><\/span><div class=\"wp-block-cover__inner-container is-layout-flow wp-block-cover-is-layout-flow\">\n<div class=\"wp-block-group\"><div class=\"wp-block-group__inner-container is-layout-flow wp-block-group-is-layout-flow\">\n<div style=\"height:40px\" aria-hidden=\"true\" class=\"wp-block-spacer\"><\/div>\n\n\n\n<table id=\"tablepress-18\" class=\"tablepress tablepress-id-18 tbody-has-connected-cells\">\n<thead>\n<tr class=\"row-1\">\n\t<th colspan=\"3\" class=\"column-1\"><strong>EXPERIENCIAS VIVENCIALES MAMAQ<\/strong><\/th>\n<\/tr>\n<\/thead>\n<tbody class=\"row-striping row-hover\">\n<tr class=\"row-2\">\n\t<td class=\"column-1\">Taller de Tejido de Cintura<\/td><td class=\"column-2\">S.\/ 300,00<\/td><td class=\"column-3\">Hasta 6 Personas<\/td>\n<\/tr>\n<tr class=\"row-3\">\n\t<td class=\"column-1\">Taller de Ceramica con Maestra Huancas<\/td><td class=\"column-2\">S.\/ 500,00<\/td><td class=\"column-3\">Hasta 6 Personas<\/td>\n<\/tr>\n<tr class=\"row-4\">\n\t<td class=\"column-1\">Caminata de Reconocimiento de Plantas Medicinales<\/td><td class=\"column-2\">Consultar disponibilidad<\/td><td class=\"column-3\">Hasta 6 Personas<\/td>\n<\/tr>\n<tr class=\"row-5\">\n\t<td class=\"column-1\">Ceremonia con Plantas Medicinales<\/td><td class=\"column-2\">Consultar disponibilidad<\/td><td class=\"column-3\">Por Persona<\/td>\n<\/tr>\n<tr class=\"row-6\">\n\t<td colspan=\"3\" class=\"column-1\">Los precios pueden estar sujetos a cambio sin previo aviso.<br \/>\nEl \u00fanico precio correcto que debe entenderse es el indicado en el momento de la confirmaci\u00f3n de la reserva por parte de Mamaq Tambo Lodge.<\/td>\n<\/tr>\n<\/tbody>\n<\/table>\n<!-- #tablepress-18 from cache -->\n\n\n\n<div style=\"height:40px\" aria-hidden=\"true\" class=\"wp-block-spacer\"><\/div>\n<\/div><\/div>\n<\/div><\/div>\n\n\n\n<div class=\"wp-block-cover alignfull\" style=\"min-height:600px;aspect-ratio:unset;\"><span aria-hidden=\"true\" class=\"wp-block-cover__background has-nv-light-bg-background-color has-background-dim-100 has-background-dim\"><\/span><div class=\"wp-block-cover__inner-container is-layout-flow wp-block-cover-is-layout-flow\">\n<div class=\"wp-block-group\"><div class=\"wp-block-group__inner-container is-layout-flow wp-block-group-is-layout-flow\">\n<div style=\"height:40px\" aria-hidden=\"true\" class=\"wp-block-spacer\"><\/div>\n\n\n\n<table id=\"tablepress-5\" class=\"tablepress tablepress-id-5 tbody-has-connected-cells\">\n<thead>\n<tr class=\"row-1\">\n\t<th colspan=\"3\" class=\"column-1\">SERVICIO TRASLADO<\/th>\n<\/tr>\n<\/thead>\n<tbody class=\"row-striping row-hover\">\n<tr class=\"row-2\">\n\t<td colspan=\"3\" class=\"column-1\"><strong>Desde el Aeropuerto de Ja\u00e9n<\/strong><\/td>\n<\/tr>\n<tr class=\"row-3\">\n\t<td class=\"column-1\">Taxi Privado<\/td><td class=\"column-2\">4 Horas<\/td><td class=\"column-3\">S.\/ 450,00 (Hasta 4 personas)<\/td>\n<\/tr>\n<tr class=\"row-4\">\n\t<td class=\"column-1\">Trasporte Shuttle (compartido)<\/td><td class=\"column-2\">4 - 5 Horas<\/td><td class=\"column-3\">S.\/ 100.00 por persona<\/td>\n<\/tr>\n<tr class=\"row-5\">\n\t<td colspan=\"3\" class=\"column-1\"><strong>Desde el Aeropuerto de Chachapoyas<\/strong><\/td>\n<\/tr>\n<tr class=\"row-6\">\n\t<td class=\"column-1\">Taxi Privado<\/td><td class=\"column-2\">1 Horas<\/td><td class=\"column-3\">S.\/ 200,00 (Hasta 4 personas)<\/td>\n<\/tr>\n<tr class=\"row-7\">\n\t<td class=\"column-1\">Trasporte Publico<\/td><td class=\"column-2\">2 - 3 Horas<\/td><td class=\"column-3\">S.\/ 20,00 Combi hasta el Terminal Terrestre de Chachapoyas<br \/>\nS.\/ 10,00 Combi hasta Cocahuayco<br \/>\nS.\/ 20,00 Mototaxi hasta el Hotel.<br \/>\nEl costo es por persona (Los costos pueden variar)<\/td>\n<\/tr>\n<tr class=\"row-8\">\n\t<td colspan=\"3\" class=\"column-1\"><strong>Desde Aeropuerto Tarapoto<\/strong><\/td>\n<\/tr>\n<tr class=\"row-9\">\n\t<td class=\"column-1\">Taxi Privado<\/td><td class=\"column-2\">6 Horas<\/td><td class=\"column-3\">Consultar<\/td>\n<\/tr>\n<tr class=\"row-10\">\n\t<td colspan=\"3\" class=\"column-1\">El servicio de traslado privado es contratado directamente por el hu\u00e9sped. El Lodge solo proporciona el contacto y se encarga de la coordinaci\u00f3n entre las partes pero no se responsabiliza por el servicio. El pago del 50% de adelanto, para separar el servicio, se realizar\u00e1 a la cuenta del mismo operador.<\/td>\n<\/tr>\n<\/tbody>\n<\/table>\n<!-- #tablepress-5 from cache -->\n\n\n\n<div style=\"height:40px\" aria-hidden=\"true\" class=\"wp-block-spacer\"><\/div>\n<\/div><\/div>\n<\/div><\/div>\n\n\n\n<div class=\"wp-block-cover alignfull\" style=\"min-height:600px;aspect-ratio:unset;\"><span aria-hidden=\"true\" class=\"wp-block-cover__background has-nv-site-bg-background-color has-background-dim-100 has-background-dim\"><\/span><div class=\"wp-block-cover__inner-container is-layout-flow wp-block-cover-is-layout-flow\">\n<div class=\"wp-block-group\"><div class=\"wp-block-group__inner-container is-layout-flow wp-block-group-is-layout-flow\">\n<div style=\"height:40px\" aria-hidden=\"true\" class=\"wp-block-spacer\"><\/div>\n\n\n\n<table id=\"tablepress-6\" class=\"tablepress tablepress-id-6 tbody-has-connected-cells\">\n<thead>\n<tr class=\"row-1\">\n\t<th colspan=\"4\" class=\"column-1\">POL\u00cdTICAS MAMAQ TAMBO LODGE<\/th>\n<\/tr>\n<\/thead>\n<tbody class=\"row-striping row-hover\">\n<tr class=\"row-2\">\n\t<td colspan=\"4\" class=\"column-1\"><strong>POL\u00cdTICA RESERVA<\/strong><\/td>\n<\/tr>\n<tr class=\"row-3\">\n\t<td class=\"column-1\"><\/td><td class=\"column-2\"><strong>90 d\u00edas antes<\/strong><\/td><td class=\"column-3\"><strong>60 d\u00edas antes<\/strong><\/td><td class=\"column-4\"><\/td>\n<\/tr>\n<tr class=\"row-4\">\n\t<td class=\"column-1\"><strong>Temporada Alta<\/strong><\/td><td class=\"column-2\">50% Pre-Pago (*)<\/td><td class=\"column-3\">-<\/td><td class=\"column-4\"><\/td>\n<\/tr>\n<tr class=\"row-5\">\n\t<td class=\"column-1\"><strong>Temporada Baja<\/strong><\/td><td class=\"column-2\">-<\/td><td class=\"column-3\">50% Pre-Pago (*)<\/td><td class=\"column-4\"><\/td>\n<\/tr>\n<tr class=\"row-6\">\n\t<td colspan=\"4\" class=\"column-1\">(*)100% en caso sea una reserva por una sola noche<br \/>\nEl pago puede ser por transferencia a nuestra cuenta BCP o mediante weblink con tarjeta de cr\u00e9dito (comisiones por pagos remotos a cuenta del cliente).<br \/>\nContacto : info@mamaqtambolodge.com<br \/>\n(-) La trasferencia puede ser en Nuevos Soles o el respectivo cambio del d\u00eda en D\u00f3lares Americanos (USD) La comisi\u00f3n interbancaria es a cargo del comprador<br \/>\n(-) En este caso al costo total podr\u00eda ser a\u00f1adida la comisi\u00f3n que cobra la entidad financiera (4%)<br \/>\nHasta que no se notifica el pago, no tenemos la constancia del mismo, por consiguiente la reserva puede caerse del sistema si vence el plazo establecido. Nuestra empresa se exime de cualquier responsabilidad en los problemas que se deriven de pagos no debidamente notificados, aunque hayan sido efectuados dentro del plazo otorgado.<\/td>\n<\/tr>\n<tr class=\"row-7\">\n\t<td colspan=\"4\" class=\"column-1\"><strong>POL\u00cdTICA CANCELACI\u00d3N<\/strong><\/td>\n<\/tr>\n<tr class=\"row-8\">\n\t<td class=\"column-1\"><\/td><td class=\"column-2\"><strong>Devoluci\u00f3n del 90%<\/strong><\/td><td class=\"column-3\"><strong>Devoluci\u00f3n del 50%<\/strong><\/td><td class=\"column-4\"><strong>Devoluci\u00f3n del 0%<\/strong><\/td>\n<\/tr>\n<tr class=\"row-9\">\n\t<td class=\"column-1\"><strong>Temporada Alta<\/strong><\/td><td class=\"column-2\">Mas de 60 d\u00edas<\/td><td class=\"column-3\">De 59 a 30 d\u00edas<\/td><td class=\"column-4\">De 29 a 1 d\u00edas antes<br \/>\nNo-show<\/td>\n<\/tr>\n<tr class=\"row-10\">\n\t<td class=\"column-1\"><strong>Temporada Baja<\/strong><\/td><td class=\"column-2\">Mas de 45 d\u00edas<\/td><td class=\"column-3\">De 44 a 20 d\u00edas<\/td><td class=\"column-4\">de 19 a 1 d\u00edas antes<br \/>\nNo-show<\/td>\n<\/tr>\n<tr class=\"row-11\">\n\t<td colspan=\"4\" class=\"column-1\">En caso de anularse una reserva, aplica la siguiente pol\u00edtica de devoluciones, tomando como plazo de referencia la fecha de inicio del programa o alojamiento reservado<\/td>\n<\/tr>\n<tr class=\"row-12\">\n\t<td colspan=\"4\" class=\"column-1\"><strong>POL\u00cdTICA DE MODIFICACI\u00d3N DE FECHAS<\/strong><\/td>\n<\/tr>\n<tr class=\"row-13\">\n\t<td class=\"column-1\"><\/td><td class=\"column-2\"><strong>Cambio sin Penalidad<\/strong><\/td><td class=\"column-3\"><strong>Penalidad del 50%<\/strong><\/td><td class=\"column-4\"><strong>No aplican cambios ni devoluciones<\/strong><\/td>\n<\/tr>\n<tr class=\"row-14\">\n\t<td class=\"column-1\"><strong>Temporada Alta<\/strong><\/td><td class=\"column-2\">Mas de 60 d\u00edas<\/td><td class=\"column-3\">De 59 a 30 d\u00edas<\/td><td class=\"column-4\">De 29 a 1 d\u00edas antes<br \/>\nNo-show<\/td>\n<\/tr>\n<tr class=\"row-15\">\n\t<td class=\"column-1\"><strong>Temporada Baja<\/strong><\/td><td class=\"column-2\">Mas de 45 d\u00edas<\/td><td class=\"column-3\">De 44 a 20 d\u00edas<\/td><td class=\"column-4\">de 19 a 1 d\u00edas antes<br \/>\nNo-show<\/td>\n<\/tr>\n<tr class=\"row-16\">\n\t<td colspan=\"4\" class=\"column-1\">Para la modificaci\u00f3n de fechas de una reserva, aplican los siguientes plazos.<br \/>\nLas modificaciones est\u00e1n sujetas a cambio de tarifa dependiendo de la temporada y disponibilidad.<br \/>\nTodo cambio de fecha de una reserva solamente podr\u00e1 extenderse dentro del a\u00f1o corriente.<br \/>\nLa empresa no se responsabiliza por cancelaciones o retrasos ocasionados por consecuencia de condiciones clim\u00e1ticas, huelgas o conflictos sociales, reprogramaciones o cancelaciones realizadas por la l\u00ednea a\u00e9rea o empresa de transportes y\/o motivos personales de los pasajeros, aplic\u00e1ndose en todos estos casos lo establecido en nuestra pol\u00edtica de cancelaciones.<\/td>\n<\/tr>\n<tr class=\"row-17\">\n\t<td class=\"column-1\"><strong>POL\u00cdTICA DE NI\u00d1OS<\/strong><\/td><td class=\"column-2\"><\/td><td class=\"column-3\"><\/td><td class=\"column-4\"><\/td>\n<\/tr>\n<tr class=\"row-18\">\n\t<td colspan=\"4\" class=\"column-1\">Los ni\u00f1os menores de 6 a\u00f1os no pagan si no usan ninguna cama adicional y comparten la de sus padres (valido por 1 ni\u00f1o por caba\u00f1a).<br \/>\nSe incluye el desayuno de cortes\u00eda.<br \/>\nAl utilizar una cama extra por parte de los hu\u00e9spedes se calcular\u00e1 la tarifa completa (por ejemplo dos padres y un hijo menor de seis a\u00f1os que usen dos cama, una king y una simple, se calcular\u00e1 la tarifa de tres personas)<\/td>\n<\/tr>\n<tr class=\"row-19\">\n\t<td class=\"column-1\"><strong>POL\u00cdTICA DE MASCOTAS<\/strong><\/td><td class=\"column-2\"><\/td><td class=\"column-3\"><\/td><td class=\"column-4\"><\/td>\n<\/tr>\n<tr class=\"row-20\">\n\t<td colspan=\"4\" class=\"column-1\">Se aceptan mascotas (perros y gatos) en Mamaq Tambo Lodge pero la disponibilidad est\u00e1 sujeta a consulta.<\/td>\n<\/tr>\n<\/tbody>\n<\/table>\n<!-- #tablepress-6 from cache -->\n\n\n\n<div style=\"height:40px\" aria-hidden=\"true\" class=\"wp-block-spacer\"><\/div>\n<\/div><\/div>\n<\/div><\/div>\n","protected":false},"excerpt":{"rendered":"","protected":false},"author":1,"featured_media":0,"parent":0,"menu_order":0,"comment_status":"closed","ping_status":"closed","template":"","meta":{"neve_meta_sidebar":"default","neve_meta_container":"default","neve_meta_enable_content_width":"on","neve_meta_content_width":100,"neve_meta_title_alignment":"","neve_meta_author_avatar":"","neve_post_elements_order":"","neve_meta_disable_header":"","neve_meta_disable_footer":"","neve_meta_disable_title":"on","_themeisle_gutenberg_block_has_review":false,"_joinchat":[],"footnotes":""},"class_list":["post-61","page","type-page","status-publish","hentry"],"_links":{"self":[{"href":"https:\/\/mamaqtambolodge.com\/index.php?rest_route=\/wp\/v2\/pages\/61","targetHints":{"allow":["GET"]}}],"collection":[{"href":"https:\/\/mamaqtambolodge.com\/index.php?rest_route=\/wp\/v2\/pages"}],"about":[{"href":"https:\/\/mamaqtambolodge.com\/index.php?rest_route=\/wp\/v2\/types\/page"}],"author":[{"embeddable":true,"href":"https:\/\/mamaqtambolodge.com\/index.php?rest_route=\/wp\/v2\/users\/1"}],"replies":[{"embeddable":true,"href":"https:\/\/mamaqtambolodge.com\/index.php?rest_route=%2Fwp%2Fv2%2Fcomments&post=61"}],"version-history":[{"count":3,"href":"https:\/\/mamaqtambolodge.com\/index.php?rest_route=\/wp\/v2\/pages\/61\/revisions"}],"predecessor-version":[{"id":1849,"href":"https:\/\/mamaqtambolodge.com\/index.php?rest_route=\/wp\/v2\/pages\/61\/revisions\/1849"}],"wp:attachment":[{"href":"https:\/\/mamaqtambolodge.com\/index.php?rest_route=%2Fwp%2Fv2%2Fmedia&parent=61"}],"curies":[{"name":"wp","href":"https:\/\/api.w.org\/{rel}","templated":true}]}}