{"id":578,"date":"2023-04-25T19:31:02","date_gmt":"2023-04-25T19:31:02","guid":{"rendered":"https:\/\/mamaqtambolodge.com\/mamaq2023\/?page_id=578"},"modified":"2025-11-05T15:03:11","modified_gmt":"2025-11-05T20:03:11","slug":"estadias-largas","status":"publish","type":"page","link":"https:\/\/mamaqtambolodge.com\/?page_id=578","title":{"rendered":"Estadias Largas"},"content":{"rendered":"\n<div class=\"wp-block-cover alignfull\" style=\"min-height:50px;aspect-ratio:unset;\"><span aria-hidden=\"true\" class=\"wp-block-cover__background has-nv-site-bg-background-color has-background-dim-100 has-background-dim\"><\/span><div class=\"wp-block-cover__inner-container is-layout-flow wp-block-cover-is-layout-flow\">\n<p class=\"has-text-align-center has-large-font-size\"><\/p>\n<\/div><\/div>\n\n\n\n<div class=\"wp-block-cover alignfull is-light\" style=\"min-height:600px;aspect-ratio:unset;\"><img loading=\"lazy\" decoding=\"async\" width=\"2048\" height=\"1365\" class=\"wp-block-cover__image-background wp-image-1042\" alt=\"\" src=\"https:\/\/mamaqtambolodge.com\/wp-content\/uploads\/2023\/05\/MAMAQ-TAMBO-2-de-143.jpeg\" style=\"object-position:46% 48%\" data-object-fit=\"cover\" data-object-position=\"46% 48%\" srcset=\"https:\/\/mamaqtambolodge.com\/wp-content\/uploads\/2023\/05\/MAMAQ-TAMBO-2-de-143.jpeg 2048w, https:\/\/mamaqtambolodge.com\/wp-content\/uploads\/2023\/05\/MAMAQ-TAMBO-2-de-143-300x200.jpeg 300w, https:\/\/mamaqtambolodge.com\/wp-content\/uploads\/2023\/05\/MAMAQ-TAMBO-2-de-143-1024x683.jpeg 1024w, https:\/\/mamaqtambolodge.com\/wp-content\/uploads\/2023\/05\/MAMAQ-TAMBO-2-de-143-768x512.jpeg 768w, https:\/\/mamaqtambolodge.com\/wp-content\/uploads\/2023\/05\/MAMAQ-TAMBO-2-de-143-1536x1024.jpeg 1536w, https:\/\/mamaqtambolodge.com\/wp-content\/uploads\/2023\/05\/MAMAQ-TAMBO-2-de-143-930x620.jpeg 930w\" sizes=\"auto, (max-width: 2048px) 100vw, 2048px\" \/><span aria-hidden=\"true\" class=\"wp-block-cover__background has-nv-light-bg-background-color has-background-dim\"><\/span><div class=\"wp-block-cover__inner-container is-layout-flow wp-block-cover-is-layout-flow\">\n<div class=\"wp-block-group\"><div class=\"wp-block-group__inner-container is-layout-flow wp-block-group-is-layout-flow\">\n<h1 class=\"wp-block-heading has-text-align-left has-nv-site-bg-color has-text-color\">PAQUETES <strong>ESTAD\u00cdA LARGA<\/strong><\/h1>\n\n\n\n<div style=\"height:40px\" aria-hidden=\"true\" class=\"wp-block-spacer\"><\/div>\n\n\n\n<h4 class=\"wp-block-heading has-nv-site-bg-color has-text-color\"><strong>EXPERIENCIAS MAMAQ<\/strong><\/h4>\n\n\n\n<p class=\"has-neve-text-color-color has-nv-site-bg-background-color has-text-color has-background\"><strong><em>Mamaq Tambo Casa<\/em><\/strong> es una nueva forma de hospedarte. Alquila una caba\u00f1a, independiente, amplia, segura y con todas las comodidades de un hotel<br><br>El entorno natural y la ubicaci\u00f3n de <em><strong>MAMAQ TAMBO LODGE<\/strong><\/em> propician desde ya una estad\u00eda saludable al aire puro y con un adecuado distanciamiento de las zonas de m\u00e1s alta densidad demogr\u00e1fica.<\/p>\n<\/div><\/div>\n<\/div><\/div>\n\n\n\n<div class=\"wp-block-cover alignfull\" style=\"min-height:600px;aspect-ratio:unset;\"><span aria-hidden=\"true\" class=\"wp-block-cover__background has-nv-site-bg-background-color has-background-dim-100 has-background-dim\"><\/span><div class=\"wp-block-cover__inner-container is-layout-flow wp-block-cover-is-layout-flow\">\n<div class=\"wp-block-group\"><div class=\"wp-block-group__inner-container is-layout-flow wp-block-group-is-layout-flow\">\n<div style=\"height:24px\" aria-hidden=\"true\" class=\"wp-block-spacer\"><\/div>\n\n\n\n<table id=\"tablepress-12\" class=\"tablepress tablepress-id-12 tbody-has-connected-cells\">\n<thead>\n<tr class=\"row-1\">\n\t<th class=\"column-1\">TARIFAS PAQUETE #EstadiaLarga<\/th><th class=\"column-2\">Validas todo el 2026<\/th>\n<\/tr>\n<\/thead>\n<tbody class=\"row-striping row-hover\">\n<tr class=\"row-2\">\n\t<td class=\"column-1\"><strong>ALOJAMIENTO<\/strong><\/td><td class=\"column-2\"><strong>Precios por Paquete<\/strong><\/td>\n<\/tr>\n<tr class=\"row-3\">\n\t<td class=\"column-1\">1 persona<\/td><td class=\"column-2\">S.\/ 1320,00<\/td>\n<\/tr>\n<tr class=\"row-4\">\n\t<td class=\"column-1\">2 personas<\/td><td class=\"column-2\">S.\/ 1920,00<\/td>\n<\/tr>\n<tr class=\"row-5\">\n\t<td class=\"column-1\">3 personas<\/td><td class=\"column-2\">S.\/ 2400,00<\/td>\n<\/tr>\n<tr class=\"row-6\">\n\t<td class=\"column-1\">4 personas<\/td><td class=\"column-2\">S.\/ 2920,00<\/td>\n<\/tr>\n<tr class=\"row-7\">\n\t<td class=\"column-1\">5 personas<\/td><td class=\"column-2\">consultar<\/td>\n<\/tr>\n<tr class=\"row-8\">\n\t<td colspan=\"2\" class=\"column-1\">Todos los precios son por paquete y incluyen :<br \/>\n- Paquete #EstadiaLarga<br \/>\n- Wi-fi en todas las Instalaciones<br \/>\nT\u00e9rminos y Condiciones:<br \/>\nLa confirmaci\u00f3n est\u00e1 sujeta a disponibilidad y las tarifas est\u00e1n sujetas a cambios sin previo aviso<br \/>\nMamaq Tambo Lodge se reserva el derecho de decisi\u00f3n final en caso de disputas<\/td>\n<\/tr>\n<\/tbody>\n<\/table>\n<!-- #tablepress-12 from cache -->\n\n\n\n<div style=\"height:24px\" aria-hidden=\"true\" class=\"wp-block-spacer\"><\/div>\n\n\n\n<p class=\"has-neve-text-color-color has-text-color\"><strong>Privilegios del paquete:<\/strong><br><em>Wi-Fi en la habitaci\u00f3n de cortes\u00eda<\/em><br>Uso de cocina compartida<br><em>Servicio semanal de lavander\u00eda incluido<\/em><br>Servicio de limpieza gratuito una vez por semana. El servicio de limpieza adicional se cobrar\u00e1 a S.\/ 20,00<br><em>Cambio de s\u00e1banas semanal y de toallas dos veces por semana<\/em><\/p>\n\n\n\n<p class=\"has-neve-text-color-color has-text-color\"><strong>Observaciones:<br><\/strong><em>La reserva debe hacerse a trav\u00e9s del sitio web oficial del hotel directamente<\/em><br>La oferta es v\u00e1lida para reservas en todo el 2026 en el periodo de baja temporada<br><em>La oferta es aplicable a reservas de m\u00ednimo 1 semana (7 d\u00edas, 6 noches)<\/em><br>La confirmaci\u00f3n y la extensi\u00f3n de la estad\u00eda est\u00e1n sujetas a disponibilidad y la tarifa est\u00e1 sujeta a cambios sin previo aviso<br><em>La oferta no se puede utilizar junto con otras promociones o descuentos<\/em><br>Mamaq Tambo se reserva el derecho de decisi\u00f3n final en caso de disputas<\/p>\n<\/div><\/div>\n<\/div><\/div>\n","protected":false},"excerpt":{"rendered":"","protected":false},"author":1,"featured_media":0,"parent":0,"menu_order":0,"comment_status":"closed","ping_status":"closed","template":"","meta":{"neve_meta_sidebar":"full-width","neve_meta_container":"","neve_meta_enable_content_width":"on","neve_meta_content_width":100,"neve_meta_title_alignment":"","neve_meta_author_avatar":"","neve_post_elements_order":"","neve_meta_disable_header":"","neve_meta_disable_footer":"","neve_meta_disable_title":"on","_themeisle_gutenberg_block_has_review":false,"_joinchat":[],"footnotes":""},"class_list":["post-578","page","type-page","status-publish","hentry"],"_links":{"self":[{"href":"https:\/\/mamaqtambolodge.com\/index.php?rest_route=\/wp\/v2\/pages\/578","targetHints":{"allow":["GET"]}}],"collection":[{"href":"https:\/\/mamaqtambolodge.com\/index.php?rest_route=\/wp\/v2\/pages"}],"about":[{"href":"https:\/\/mamaqtambolodge.com\/index.php?rest_route=\/wp\/v2\/types\/page"}],"author":[{"embeddable":true,"href":"https:\/\/mamaqtambolodge.com\/index.php?rest_route=\/wp\/v2\/users\/1"}],"replies":[{"embeddable":true,"href":"https:\/\/mamaqtambolodge.com\/index.php?rest_route=%2Fwp%2Fv2%2Fcomments&post=578"}],"version-history":[{"count":3,"href":"https:\/\/mamaqtambolodge.com\/index.php?rest_route=\/wp\/v2\/pages\/578\/revisions"}],"predecessor-version":[{"id":1857,"href":"https:\/\/mamaqtambolodge.com\/index.php?rest_route=\/wp\/v2\/pages\/578\/revisions\/1857"}],"wp:attachment":[{"href":"https:\/\/mamaqtambolodge.com\/index.php?rest_route=%2Fwp%2Fv2%2Fmedia&parent=578"}],"curies":[{"name":"wp","href":"https:\/\/api.w.org\/{rel}","templated":true}]}}